{"id":17,"date":"2021-10-05T13:05:24","date_gmt":"2021-10-05T13:05:24","guid":{"rendered":"https:\/\/themepanthers.com\/wp\/creote\/v-new\/?page_id=17"},"modified":"2025-06-24T14:45:27","modified_gmt":"2025-06-24T14:45:27","slug":"insights","status":"publish","type":"page","link":"https:\/\/4biz.properties\/ro\/insights\/","title":{"rendered":"Insights"},"content":{"rendered":"\t\t<div data-elementor-type=\"wp-page\" data-elementor-id=\"17\" class=\"elementor elementor-17\" data-elementor-settings=\"{&quot;ha_cmc_init_switcher&quot;:&quot;no&quot;}\">\n\t\t\t\t<div class=\"elementor-element elementor-element-38554245 e-flex e-con-boxed e-con e-parent\" data-id=\"38554245\" data-element_type=\"container\" data-settings=\"{&quot;background_background&quot;:&quot;classic&quot;,&quot;_ha_eqh_enable&quot;:false}\">\n\t\t\t\t\t<div class=\"e-con-inner\">\n\t\t<div class=\"elementor-element elementor-element-7eb97b7e e-con-full e-flex e-con e-child\" data-id=\"7eb97b7e\" data-element_type=\"container\" data-settings=\"{&quot;_ha_eqh_enable&quot;:false}\">\n\t\t\t\t<div class=\"elementor-element elementor-element-2654ecf4 elementor-widget elementor-widget-creote-title-v1\" data-id=\"2654ecf4\" data-element_type=\"widget\" data-widget_type=\"creote-title-v1.default\">\n\t\t\t\t<div class=\"elementor-widget-container\">\n\t\t\t\t\t<div class=\"title_all_box style_one dark_color\">\r\n            <!-- Default title style -->\r\n        <div class=\"title_sections left\">\r\n                                        <div class=\"title\">\r\n                    NOUT\u0102\u021aI                <\/div>\r\n                                <\/div>\r\n        <!-- End of default title style -->\r\n\r\n    <\/div>\r\n\t\t\t\t<\/div>\n\t\t\t\t<\/div>\n\t\t\t\t<\/div>\n\t\t<div class=\"elementor-element elementor-element-33644f54 e-con-full e-flex e-con e-child\" data-id=\"33644f54\" data-element_type=\"container\" data-settings=\"{&quot;_ha_eqh_enable&quot;:false}\">\n\t\t\t\t<div class=\"elementor-element elementor-element-61345929 elementor-widget elementor-widget-creote-title-v1\" data-id=\"61345929\" data-element_type=\"widget\" data-widget_type=\"creote-title-v1.default\">\n\t\t\t\t<div class=\"elementor-widget-container\">\n\t\t\t\t\t<div class=\"title_all_box style_one dark_color\">\r\n            <!-- Default title style -->\r\n        <div class=\"title_sections left\">\r\n                                        <div class=\"title\">\r\n                    Repere ale realiz\u0103rilor, impactului \u0219i colabor\u0103rilor de \u00eencredere care definesc parcursul nostru \u00een domeniul imobiliarelor comerciale.                <\/div>\r\n                                <\/div>\r\n        <!-- End of default title style -->\r\n\r\n    <\/div>\r\n\t\t\t\t<\/div>\n\t\t\t\t<\/div>\n\t\t\t\t<\/div>\n\t\t\t\t\t<\/div>\n\t\t\t\t<\/div>\n\t\t\t\t<section class=\"elementor-section elementor-top-section elementor-element elementor-element-8955d38 elementor-section-boxed elementor-section-height-default elementor-section-height-default\" data-id=\"8955d38\" data-element_type=\"section\" data-settings=\"{&quot;_ha_eqh_enable&quot;:false}\">\n\t\t\t\t\t\t<div class=\"elementor-container elementor-column-gap-no\">\n\t\t\t\t\t<div class=\"elementor-column elementor-col-100 elementor-top-column elementor-element elementor-element-c92af86\" data-id=\"c92af86\" data-element_type=\"column\">\n\t\t\t<div class=\"elementor-widget-wrap elementor-element-populated\">\n\t\t\t\t\t\t<div class=\"elementor-element elementor-element-75cbd46 elementor-widget elementor-widget-creote-blog-post-v1\" data-id=\"75cbd46\" data-element_type=\"widget\" data-widget_type=\"creote-blog-post-v1.default\">\n\t\t\t\t<div class=\"elementor-widget-container\">\n\t\t\t\t\t<section class=\"blog_post_section elemen_wp two_column news_wrapper_grid style_ten \"> <div class=\"grid_show_case grid_layout clearfix\"> <!-- swiper-slide -->     <div class=\"grid_box _card\"> <div class=\"news_box style_ten\">  <div class=\"image_box\"> <img fetchpriority=\"high\" decoding=\"async\" width=\"780\" height=\"780\" src=\"https:\/\/4biz.properties\/ro\/wp-content\/uploads\/2025\/06\/Special-Purpose-Commercial-Properties.jpg\" class=\"attachment-post-thumbnail size-post-thumbnail wp-post-image\" alt=\"\" srcset=\"https:\/\/4biz.properties\/ro\/wp-content\/uploads\/2025\/06\/Special-Purpose-Commercial-Properties.jpg 780w, https:\/\/4biz.properties\/ro\/wp-content\/uploads\/2025\/06\/Special-Purpose-Commercial-Properties-300x300.jpg 300w, https:\/\/4biz.properties\/ro\/wp-content\/uploads\/2025\/06\/Special-Purpose-Commercial-Properties-150x150.jpg 150w, https:\/\/4biz.properties\/ro\/wp-content\/uploads\/2025\/06\/Special-Purpose-Commercial-Properties-768x768.jpg 768w\" sizes=\"(max-width: 780px) 100vw, 780px\" \/> <\/div>  <h2 class=\"title\"><a href=\"https:\/\/4biz.properties\/ro\/leasing-special-purpose-commercial-properties-challenges-and-tailored-solutions\/\" rel=\"bookmark\">\u00cenchirierea propriet\u0103\u021bilor comerciale cu destina\u021bii speciale: Provoc\u0103ri \u0219i solu\u021bii personalizate<\/a><\/h2> <ul> <li class=\"cag\"> <a href=\"https:\/\/4biz.properties\/ro\/category\/blog\/\" class=\"categories\"><i class=\"icon-folder\"><\/i>Insights<\/a> <\/li><li class=\"dte\"><i class=\"icon-clock\"><\/i>23\/06\/2025<\/li> <\/ul> <\/div> <\/div>     <div class=\"grid_box _card\"> <div class=\"news_box style_ten\">  <div class=\"image_box\"> <img decoding=\"async\" width=\"600\" height=\"450\" src=\"https:\/\/4biz.properties\/ro\/wp-content\/uploads\/2025\/06\/StayFitGYm.jpg\" class=\"attachment-post-thumbnail size-post-thumbnail wp-post-image\" alt=\"\" srcset=\"https:\/\/4biz.properties\/ro\/wp-content\/uploads\/2025\/06\/StayFitGYm.jpg 600w, https:\/\/4biz.properties\/ro\/wp-content\/uploads\/2025\/06\/StayFitGYm-300x225.jpg 300w\" sizes=\"(max-width: 600px) 100vw, 600px\" \/> <\/div>  <h2 class=\"title\"><a href=\"https:\/\/4biz.properties\/ro\/stay-fit-gym-strengthens-its-presence-in-iasi-with-its-%f0%9d%90%ac%f0%9d%90%a2%f0%9d%90%b1%f0%9d%90%ad%f0%9d%90%a1-%f0%9d%90%a5%f0%9d%90%a8%f0%9d%90%9c%f0%9d%90%9a%f0%9d%90%ad%f0%9d%90%a2%f0%9d%90%a8\/\" rel=\"bookmark\">Stay Fit Gym \u00ee\u0219i consolideaz\u0103 prezen\u021ba \u00een Ia\u0219i!<\/a><\/h2> <ul> <li class=\"cag\"> <a href=\"https:\/\/4biz.properties\/ro\/category\/blog\/\" class=\"categories\"><i class=\"icon-folder\"><\/i>Insights<\/a> <\/li><li class=\"dte\"><i class=\"icon-clock\"><\/i>13\/05\/2025<\/li> <\/ul> <\/div> <\/div>     <div class=\"grid_box _card\"> <div class=\"news_box style_ten\">  <div class=\"image_box\"> <img decoding=\"async\" width=\"600\" height=\"450\" src=\"https:\/\/4biz.properties\/ro\/wp-content\/uploads\/2025\/06\/4Biz-properties-2.5-Ha-Industrial-Development-Land.jpg\" class=\"attachment-post-thumbnail size-post-thumbnail wp-post-image\" alt=\"\" srcset=\"https:\/\/4biz.properties\/ro\/wp-content\/uploads\/2025\/06\/4Biz-properties-2.5-Ha-Industrial-Development-Land.jpg 600w, https:\/\/4biz.properties\/ro\/wp-content\/uploads\/2025\/06\/4Biz-properties-2.5-Ha-Industrial-Development-Land-300x225.jpg 300w\" sizes=\"(max-width: 600px) 100vw, 600px\" \/> <\/div>  <h2 class=\"title\"><a href=\"https:\/\/4biz.properties\/ro\/new-success-25000-sqm-of-land-sold-for-industrial-development\/\" rel=\"bookmark\">O nou\u0103 reu\u0219it\u0103: 25.000 mp de teren v\u00e2ndut pentru dezvolt\u0103ri industriale<\/a><\/h2> <ul> <li class=\"cag\"> <a href=\"https:\/\/4biz.properties\/ro\/category\/blog\/\" class=\"categories\"><i class=\"icon-folder\"><\/i>Insights<\/a> <\/li><li class=\"dte\"><i class=\"icon-clock\"><\/i>28\/03\/2025<\/li> <\/ul> <\/div> <\/div>     <div class=\"grid_box _card\"> <div class=\"news_box style_ten\">  <div class=\"image_box\"> <img loading=\"lazy\" decoding=\"async\" width=\"600\" height=\"450\" src=\"https:\/\/4biz.properties\/ro\/wp-content\/uploads\/2025\/06\/4Biz-Properties-articol-Ziarul-de-Iasi.jpg\" class=\"attachment-post-thumbnail size-post-thumbnail wp-post-image\" alt=\"\" srcset=\"https:\/\/4biz.properties\/ro\/wp-content\/uploads\/2025\/06\/4Biz-Properties-articol-Ziarul-de-Iasi.jpg 600w, https:\/\/4biz.properties\/ro\/wp-content\/uploads\/2025\/06\/4Biz-Properties-articol-Ziarul-de-Iasi-300x225.jpg 300w\" sizes=\"(max-width: 600px) 100vw, 600px\" \/> <\/div>  <h2 class=\"title\"><a href=\"https:\/\/4biz.properties\/ro\/la-ce-se-uita-iesenii-cel-mai-mult-cand-vor-sa-cumpere-un-apartament\/\" rel=\"bookmark\">La ce se uit\u0103 ie\u0219enii cel mai mult c\u00e2nd vor s\u0103 cumpere un apartament?<\/a><\/h2> <ul> <li class=\"cag\"> <a href=\"https:\/\/4biz.properties\/ro\/category\/blog\/\" class=\"categories\"><i class=\"icon-folder\"><\/i>Insights<\/a> <\/li><li class=\"dte\"><i class=\"icon-clock\"><\/i>24\/03\/2025<\/li> <\/ul> <\/div> <\/div>     <div class=\"grid_box _card\"> <div class=\"news_box style_ten\">  <div class=\"image_box\"> <img loading=\"lazy\" decoding=\"async\" width=\"600\" height=\"450\" src=\"https:\/\/4biz.properties\/ro\/wp-content\/uploads\/2025\/06\/4Biz-Properties-15000-Industrial-Developmnet-Land.jpg\" class=\"attachment-post-thumbnail size-post-thumbnail wp-post-image\" alt=\"\" srcset=\"https:\/\/4biz.properties\/ro\/wp-content\/uploads\/2025\/06\/4Biz-Properties-15000-Industrial-Developmnet-Land.jpg 600w, https:\/\/4biz.properties\/ro\/wp-content\/uploads\/2025\/06\/4Biz-Properties-15000-Industrial-Developmnet-Land-300x225.jpg 300w\" sizes=\"(max-width: 600px) 100vw, 600px\" \/> <\/div>  <h2 class=\"title\"><a href=\"https:\/\/4biz.properties\/ro\/transaction-completed-15000-sqm-of-land-secured-for-industrial-developments\/\" rel=\"bookmark\">Tranzac\u021bie finalizat\u0103: 15.000 mp de teren pentru dezvolt\u0103ri industriale<\/a><\/h2> <ul> <li class=\"cag\"> <a href=\"https:\/\/4biz.properties\/ro\/category\/blog\/\" class=\"categories\"><i class=\"icon-folder\"><\/i>Insights<\/a> <\/li><li class=\"dte\"><i class=\"icon-clock\"><\/i>20\/03\/2025<\/li> <\/ul> <\/div> <\/div>     <div class=\"grid_box _card\"> <div class=\"news_box style_ten\">  <div class=\"image_box\"> <img loading=\"lazy\" decoding=\"async\" width=\"600\" height=\"450\" src=\"https:\/\/4biz.properties\/ro\/wp-content\/uploads\/2025\/06\/4Biz-Properties-Partener-Exclusiv-Onyx-Residence.jpg\" class=\"attachment-post-thumbnail size-post-thumbnail wp-post-image\" alt=\"\" srcset=\"https:\/\/4biz.properties\/ro\/wp-content\/uploads\/2025\/06\/4Biz-Properties-Partener-Exclusiv-Onyx-Residence.jpg 600w, https:\/\/4biz.properties\/ro\/wp-content\/uploads\/2025\/06\/4Biz-Properties-Partener-Exclusiv-Onyx-Residence-300x225.jpg 300w\" sizes=\"(max-width: 600px) 100vw, 600px\" \/> <\/div>  <h2 class=\"title\"><a href=\"https:\/\/4biz.properties\/ro\/4biz-properties-becomes-the-exclusive-partner-for-onyx-residence\/\" rel=\"bookmark\">4Biz Properties &#8211; Partener Exclusiv Onyx Residence<\/a><\/h2> <ul> <li class=\"cag\"> <a href=\"https:\/\/4biz.properties\/ro\/category\/blog\/\" class=\"categories\"><i class=\"icon-folder\"><\/i>Insights<\/a> <\/li><li class=\"dte\"><i class=\"icon-clock\"><\/i>12\/10\/2024<\/li> <\/ul> <\/div> <\/div>     <div class=\"grid_box _card\"> <div class=\"news_box style_ten\">  <div class=\"image_box\"> <img loading=\"lazy\" decoding=\"async\" width=\"600\" height=\"450\" src=\"https:\/\/4biz.properties\/ro\/wp-content\/uploads\/2024\/08\/4Biz-Properties-Aurora-Multimarket-spatii-comerciale.jpg\" class=\"attachment-post-thumbnail size-post-thumbnail wp-post-image\" alt=\"\" srcset=\"https:\/\/4biz.properties\/ro\/wp-content\/uploads\/2024\/08\/4Biz-Properties-Aurora-Multimarket-spatii-comerciale.jpg 600w, https:\/\/4biz.properties\/ro\/wp-content\/uploads\/2024\/08\/4Biz-Properties-Aurora-Multimarket-spatii-comerciale-300x225.jpg 300w\" sizes=\"(max-width: 600px) 100vw, 600px\" \/> <\/div>  <h2 class=\"title\"><a href=\"https:\/\/4biz.properties\/ro\/aurora-multimarket-expands-in-romania-with-7-new-locations-in-iasi-and-key-cities\/\" rel=\"bookmark\">Aurora Multimarket se extinde \u00een Rom\u00e2nia cu 7 loca\u021bii noi \u00een Ia\u0219i \u0219i ora\u0219e-cheie din regiune<\/a><\/h2> <ul> <li class=\"cag\"> <a href=\"https:\/\/4biz.properties\/ro\/category\/blog\/\" class=\"categories\"><i class=\"icon-folder\"><\/i>Insights<\/a> <\/li><li class=\"dte\"><i class=\"icon-clock\"><\/i>10\/08\/2024<\/li> <\/ul> <\/div> <\/div>     <div class=\"grid_box _card\"> <div class=\"news_box style_ten\">  <div class=\"image_box\"> <img loading=\"lazy\" decoding=\"async\" width=\"600\" height=\"450\" src=\"https:\/\/4biz.properties\/ro\/wp-content\/uploads\/2025\/06\/4Biz-Properties-Partener-Exclusiv-Lapis-Residence-Iasi.jpg\" class=\"attachment-post-thumbnail size-post-thumbnail wp-post-image\" alt=\"\" srcset=\"https:\/\/4biz.properties\/ro\/wp-content\/uploads\/2025\/06\/4Biz-Properties-Partener-Exclusiv-Lapis-Residence-Iasi.jpg 600w, https:\/\/4biz.properties\/ro\/wp-content\/uploads\/2025\/06\/4Biz-Properties-Partener-Exclusiv-Lapis-Residence-Iasi-300x225.jpg 300w\" sizes=\"(max-width: 600px) 100vw, 600px\" \/> <\/div>  <h2 class=\"title\"><a href=\"https:\/\/4biz.properties\/ro\/4biz-properties-exclusive-partner-for-lapis-residence-iasi\/\" rel=\"bookmark\">4Biz Properties \u2013 Partener Exclusiv Lapis Residence Ia\u0219i<\/a><\/h2> <ul> <li class=\"cag\"> <a href=\"https:\/\/4biz.properties\/ro\/category\/blog\/\" class=\"categories\"><i class=\"icon-folder\"><\/i>Insights<\/a> <\/li><li class=\"dte\"><i class=\"icon-clock\"><\/i>09\/05\/2024<\/li> <\/ul> <\/div> <\/div>    <\/div>  <div class=\"row\"> <div class=\"col-lg-12\"> <div class=\"pagination\"> <ul class='page-numbers'>\n\t<li><span aria-current=\"page\" class=\"page-numbers current\">1<\/span><\/li>\n\t<li><a class=\"page-numbers\" href=\"https:\/\/4biz.properties\/ro\/wp-json\/wp\/v2\/pages\/17\/page\/2\/\">2<\/a><\/li>\n\t<li><a class=\"next page-numbers\" href=\"https:\/\/4biz.properties\/ro\/wp-json\/wp\/v2\/pages\/17\/page\/2\/\"><i class=\"fa fa-angle-right\"><\/i><\/a><\/li>\n<\/ul>\n <\/div> <\/div> <\/div>  <\/section>\r\n\t\t\t\t<\/div>\n\t\t\t\t<\/div>\n\t\t\t\t\t<\/div>\n\t\t<\/div>\n\t\t\t\t\t<\/div>\n\t\t<\/section>\n\t\t\t\t<\/div>\n\t\t","protected":false},"excerpt":{"rendered":"<p>NOUT\u0102\u021aI Repere ale realiz\u0103rilor, impactului \u0219i colabor\u0103rilor de \u00eencredere care definesc parcursul nostru \u00een domeniul imobiliarelor comerciale. \u00cenchirierea propriet\u0103\u021bilor comerciale cu destina\u021bii speciale: Provoc\u0103ri \u0219i solu\u021bii personalizate Insights 23\/06\/2025 Stay Fit Gym \u00ee\u0219i consolideaz\u0103 prezen\u021ba \u00een Ia\u0219i prin \ud835\udc1c\ud835\udc1e\ud835\udc1a \ud835\udc1d\ud835\udc1e-\ud835\udc1a \ud835\udc2c\u0326\ud835\udc1a\ud835\udc2c\ud835\udc1e\ud835\udc1a \ud835\udc25\ud835\udc28\ud835\udc1c\ud835\udc1a\ud835\udc2d\u0326\ud835\udc22\ud835\udc1e! Insights 13\/05\/2025 O nou\u0103 reu\u0219it\u0103: 25.000 mp de teren v\u00e2ndut pentru dezvolt\u0103ri industriale [&hellip;]<\/p>\n","protected":false},"author":1,"featured_media":6780,"parent":0,"menu_order":0,"comment_status":"closed","ping_status":"closed","template":"","meta":{"_joinchat":[],"footnotes":""},"class_list":["post-17","page","type-page","status-publish","has-post-thumbnail","hentry"],"yoast_head":"<!-- This site is optimized with the Yoast SEO Premium plugin v24.9 (Yoast SEO v24.9) - https:\/\/yoast.com\/wordpress\/plugins\/seo\/ -->\n<title>Insights | 4Biz Properties<\/title>\n<meta name=\"description\" content=\"Discover our milestones, success stories, market insights, and strategic advice on commercial real estate and property development.\" \/>\n<meta name=\"robots\" content=\"index, follow, max-snippet:-1, max-image-preview:large, max-video-preview:-1\" \/>\n<link rel=\"canonical\" href=\"https:\/\/4biz.properties\/ro\/insights\/\" \/>\n<meta property=\"og:locale\" content=\"ro_RO\" \/>\n<meta property=\"og:type\" content=\"article\" \/>\n<meta property=\"og:title\" content=\"Insights\" \/>\n<meta property=\"og:description\" content=\"Discover our milestones, success stories, market insights, and strategic advice on commercial real estate and property development.\" \/>\n<meta property=\"og:url\" content=\"https:\/\/4biz.properties\/ro\/insights\/\" \/>\n<meta property=\"og:site_name\" content=\"4Biz Properties\" \/>\n<meta property=\"article:modified_time\" content=\"2025-06-24T14:45:27+00:00\" \/>\n<meta property=\"og:image\" content=\"https:\/\/4biz.properties\/ro\/wp-content\/uploads\/2025\/05\/4Biz-Properties.jpg\" \/>\n\t<meta property=\"og:image:width\" content=\"780\" \/>\n\t<meta property=\"og:image:height\" content=\"780\" \/>\n\t<meta property=\"og:image:type\" content=\"image\/jpeg\" \/>\n<meta name=\"twitter:card\" content=\"summary_large_image\" \/>\n<meta name=\"twitter:label1\" content=\"Timp estimat pentru citire\" \/>\n\t<meta name=\"twitter:data1\" content=\"3 minute\" \/>\n<script type=\"application\/ld+json\" class=\"yoast-schema-graph\">{\"@context\":\"https:\/\/schema.org\",\"@graph\":[{\"@type\":\"WebPage\",\"@id\":\"https:\/\/4biz.properties\/ro\/insights\/\",\"url\":\"https:\/\/4biz.properties\/ro\/insights\/\",\"name\":\"Insights | 4Biz Properties\",\"isPartOf\":{\"@id\":\"https:\/\/4biz.properties\/ro\/#website\"},\"primaryImageOfPage\":{\"@id\":\"https:\/\/4biz.properties\/ro\/insights\/#primaryimage\"},\"image\":{\"@id\":\"https:\/\/4biz.properties\/ro\/insights\/#primaryimage\"},\"thumbnailUrl\":\"https:\/\/4biz.properties\/ro\/wp-content\/uploads\/2025\/05\/4Biz-Properties.jpg\",\"datePublished\":\"2021-10-05T13:05:24+00:00\",\"dateModified\":\"2025-06-24T14:45:27+00:00\",\"description\":\"Discover our milestones, success stories, market insights, and strategic advice on commercial real estate and property development.\",\"breadcrumb\":{\"@id\":\"https:\/\/4biz.properties\/ro\/insights\/#breadcrumb\"},\"inLanguage\":\"ro-RO\",\"potentialAction\":[{\"@type\":\"ReadAction\",\"target\":[\"https:\/\/4biz.properties\/ro\/insights\/\"]}]},{\"@type\":\"ImageObject\",\"inLanguage\":\"ro-RO\",\"@id\":\"https:\/\/4biz.properties\/ro\/insights\/#primaryimage\",\"url\":\"https:\/\/4biz.properties\/ro\/wp-content\/uploads\/2025\/05\/4Biz-Properties.jpg\",\"contentUrl\":\"https:\/\/4biz.properties\/ro\/wp-content\/uploads\/2025\/05\/4Biz-Properties.jpg\",\"width\":780,\"height\":780},{\"@type\":\"BreadcrumbList\",\"@id\":\"https:\/\/4biz.properties\/ro\/insights\/#breadcrumb\",\"itemListElement\":[{\"@type\":\"ListItem\",\"position\":1,\"name\":\"Home\",\"item\":\"https:\/\/4biz.properties\/ro\/\"},{\"@type\":\"ListItem\",\"position\":2,\"name\":\"Insights\"}]},{\"@type\":\"WebSite\",\"@id\":\"https:\/\/4biz.properties\/ro\/#website\",\"url\":\"https:\/\/4biz.properties\/ro\/\",\"name\":\"4Biz Properties\",\"description\":\"Commercial Real Estate | 4Biz Properties\",\"publisher\":{\"@id\":\"https:\/\/4biz.properties\/ro\/#organization\"},\"alternateName\":\"4Biz Properties\",\"potentialAction\":[{\"@type\":\"SearchAction\",\"target\":{\"@type\":\"EntryPoint\",\"urlTemplate\":\"https:\/\/4biz.properties\/ro\/?s={search_term_string}\"},\"query-input\":{\"@type\":\"PropertyValueSpecification\",\"valueRequired\":true,\"valueName\":\"search_term_string\"}}],\"inLanguage\":\"ro-RO\"},{\"@type\":\"Organization\",\"@id\":\"https:\/\/4biz.properties\/ro\/#organization\",\"name\":\"4Biz Properties\",\"alternateName\":\"4Biz Properties\",\"url\":\"https:\/\/4biz.properties\/ro\/\",\"logo\":{\"@type\":\"ImageObject\",\"inLanguage\":\"ro-RO\",\"@id\":\"https:\/\/4biz.properties\/ro\/#\/schema\/logo\/image\/\",\"url\":\"https:\/\/4biz.properties\/ro\/wp-content\/uploads\/2025\/05\/4Biz-Properties.jpg\",\"contentUrl\":\"https:\/\/4biz.properties\/ro\/wp-content\/uploads\/2025\/05\/4Biz-Properties.jpg\",\"width\":780,\"height\":780,\"caption\":\"4Biz Properties\"},\"image\":{\"@id\":\"https:\/\/4biz.properties\/ro\/#\/schema\/logo\/image\/\"}}]}<\/script>\n<!-- \/ Yoast SEO Premium plugin. -->","yoast_head_json":{"title":"Insights | 4Biz Properties","description":"Discover our milestones, success stories, market insights, and strategic advice on commercial real estate and property development.","robots":{"index":"index","follow":"follow","max-snippet":"max-snippet:-1","max-image-preview":"max-image-preview:large","max-video-preview":"max-video-preview:-1"},"canonical":"https:\/\/4biz.properties\/ro\/insights\/","og_locale":"ro_RO","og_type":"article","og_title":"Insights","og_description":"Discover our milestones, success stories, market insights, and strategic advice on commercial real estate and property development.","og_url":"https:\/\/4biz.properties\/ro\/insights\/","og_site_name":"4Biz Properties","article_modified_time":"2025-06-24T14:45:27+00:00","og_image":[{"width":780,"height":780,"url":"https:\/\/4biz.properties\/ro\/wp-content\/uploads\/2025\/05\/4Biz-Properties.jpg","type":"image\/jpeg"}],"twitter_card":"summary_large_image","twitter_misc":{"Timp estimat pentru citire":"3 minute"},"schema":{"@context":"https:\/\/schema.org","@graph":[{"@type":"WebPage","@id":"https:\/\/4biz.properties\/ro\/insights\/","url":"https:\/\/4biz.properties\/ro\/insights\/","name":"Insights | 4Biz Properties","isPartOf":{"@id":"https:\/\/4biz.properties\/ro\/#website"},"primaryImageOfPage":{"@id":"https:\/\/4biz.properties\/ro\/insights\/#primaryimage"},"image":{"@id":"https:\/\/4biz.properties\/ro\/insights\/#primaryimage"},"thumbnailUrl":"https:\/\/4biz.properties\/ro\/wp-content\/uploads\/2025\/05\/4Biz-Properties.jpg","datePublished":"2021-10-05T13:05:24+00:00","dateModified":"2025-06-24T14:45:27+00:00","description":"Discover our milestones, success stories, market insights, and strategic advice on commercial real estate and property development.","breadcrumb":{"@id":"https:\/\/4biz.properties\/ro\/insights\/#breadcrumb"},"inLanguage":"ro-RO","potentialAction":[{"@type":"ReadAction","target":["https:\/\/4biz.properties\/ro\/insights\/"]}]},{"@type":"ImageObject","inLanguage":"ro-RO","@id":"https:\/\/4biz.properties\/ro\/insights\/#primaryimage","url":"https:\/\/4biz.properties\/ro\/wp-content\/uploads\/2025\/05\/4Biz-Properties.jpg","contentUrl":"https:\/\/4biz.properties\/ro\/wp-content\/uploads\/2025\/05\/4Biz-Properties.jpg","width":780,"height":780},{"@type":"BreadcrumbList","@id":"https:\/\/4biz.properties\/ro\/insights\/#breadcrumb","itemListElement":[{"@type":"ListItem","position":1,"name":"Home","item":"https:\/\/4biz.properties\/ro\/"},{"@type":"ListItem","position":2,"name":"Insights"}]},{"@type":"WebSite","@id":"https:\/\/4biz.properties\/ro\/#website","url":"https:\/\/4biz.properties\/ro\/","name":"4Biz Properties","description":"Commercial Real Estate | 4Biz Properties","publisher":{"@id":"https:\/\/4biz.properties\/ro\/#organization"},"alternateName":"4Biz Properties","potentialAction":[{"@type":"SearchAction","target":{"@type":"EntryPoint","urlTemplate":"https:\/\/4biz.properties\/ro\/?s={search_term_string}"},"query-input":{"@type":"PropertyValueSpecification","valueRequired":true,"valueName":"search_term_string"}}],"inLanguage":"ro-RO"},{"@type":"Organization","@id":"https:\/\/4biz.properties\/ro\/#organization","name":"4Biz Properties","alternateName":"4Biz Properties","url":"https:\/\/4biz.properties\/ro\/","logo":{"@type":"ImageObject","inLanguage":"ro-RO","@id":"https:\/\/4biz.properties\/ro\/#\/schema\/logo\/image\/","url":"https:\/\/4biz.properties\/ro\/wp-content\/uploads\/2025\/05\/4Biz-Properties.jpg","contentUrl":"https:\/\/4biz.properties\/ro\/wp-content\/uploads\/2025\/05\/4Biz-Properties.jpg","width":780,"height":780,"caption":"4Biz Properties"},"image":{"@id":"https:\/\/4biz.properties\/ro\/#\/schema\/logo\/image\/"}}]}},"_links":{"self":[{"href":"https:\/\/4biz.properties\/ro\/wp-json\/wp\/v2\/pages\/17","targetHints":{"allow":["GET"]}}],"collection":[{"href":"https:\/\/4biz.properties\/ro\/wp-json\/wp\/v2\/pages"}],"about":[{"href":"https:\/\/4biz.properties\/ro\/wp-json\/wp\/v2\/types\/page"}],"author":[{"embeddable":true,"href":"https:\/\/4biz.properties\/ro\/wp-json\/wp\/v2\/users\/1"}],"replies":[{"embeddable":true,"href":"https:\/\/4biz.properties\/ro\/wp-json\/wp\/v2\/comments?post=17"}],"version-history":[{"count":19,"href":"https:\/\/4biz.properties\/ro\/wp-json\/wp\/v2\/pages\/17\/revisions"}],"predecessor-version":[{"id":7851,"href":"https:\/\/4biz.properties\/ro\/wp-json\/wp\/v2\/pages\/17\/revisions\/7851"}],"wp:featuredmedia":[{"embeddable":true,"href":"https:\/\/4biz.properties\/ro\/wp-json\/wp\/v2\/media\/6780"}],"wp:attachment":[{"href":"https:\/\/4biz.properties\/ro\/wp-json\/wp\/v2\/media?parent=17"}],"curies":[{"name":"wp","href":"https:\/\/api.w.org\/{rel}","templated":true}]}}