{"id":7532,"date":"2025-06-20T10:16:35","date_gmt":"2025-06-20T10:16:35","guid":{"rendered":"https:\/\/4biz.properties\/?page_id=7532"},"modified":"2025-07-24T19:23:03","modified_gmt":"2025-07-24T19:23:03","slug":"careers","status":"publish","type":"page","link":"https:\/\/4biz.properties\/ro\/careers\/","title":{"rendered":"Careers"},"content":{"rendered":"\t\t<div data-elementor-type=\"wp-page\" data-elementor-id=\"7532\" class=\"elementor elementor-7532\" data-elementor-settings=\"{&quot;ha_cmc_init_switcher&quot;:&quot;no&quot;}\">\n\t\t\t\t\t\t<section class=\"elementor-section elementor-top-section elementor-element elementor-element-4a8647d8 elementor-section-boxed elementor-section-height-default elementor-section-height-default\" data-id=\"4a8647d8\" data-element_type=\"section\" data-settings=\"{&quot;_ha_eqh_enable&quot;:false}\">\n\t\t\t\t\t\t<div class=\"elementor-container elementor-column-gap-default\">\n\t\t\t\t\t<div class=\"elementor-column elementor-col-100 elementor-top-column elementor-element elementor-element-1355fddc\" data-id=\"1355fddc\" data-element_type=\"column\">\n\t\t\t<div class=\"elementor-widget-wrap elementor-element-populated\">\n\t\t\t\t\t\t<div class=\"elementor-element elementor-element-76c4d07c elementor-widget elementor-widget-creote-title-v1\" data-id=\"76c4d07c\" data-element_type=\"widget\" data-widget_type=\"creote-title-v1.default\">\n\t\t\t\t<div class=\"elementor-widget-container\">\n\t\t\t\t\t<div class=\"title_all_box style_one dark_color\">\r\n            <!-- Default title style -->\r\n        <div class=\"title_sections left\">\r\n                                        <div class=\"title\">\r\n                    Al\u0103tura\u021bi-v\u0103 echipei noastre                <\/div>\r\n                                <\/div>\r\n        <!-- End of default title style -->\r\n\r\n    <\/div>\r\n\t\t\t\t<\/div>\n\t\t\t\t<\/div>\n\t\t\t\t<div class=\"elementor-element elementor-element-5514bbbd elementor-widget elementor-widget-creote-title-v1\" data-id=\"5514bbbd\" data-element_type=\"widget\" data-widget_type=\"creote-title-v1.default\">\n\t\t\t\t<div class=\"elementor-widget-container\">\n\t\t\t\t\t<div class=\"title_all_box style_one dark_color\">\r\n            <!-- Default title style -->\r\n        <div class=\"title_sections left\">\r\n                                        <div class=\"title\">\r\n                    Credem c\u0103 valoarea imobiliarelor este creat\u0103 de oameni \u2014 prin expertiz\u0103, insight \u0219i parteneriate pe termen lung.<BR>\nDac\u0103 dori\u021bi s\u0103 v\u0103 dezvolta\u021bi \u00eentr-un mediu dinamic, orientat spre rezultate, care apreciaz\u0103 g\u00e2ndirea strategic\u0103 \u0219i integritatea profesional\u0103, vrem s\u0103 v\u0103 cunoa\u0219tem.\nIndiferent dac\u0103 ave\u021bi experien\u021b\u0103 \u00een \u00eenchiriere, investi\u021bii, cercetare sau management de active, suntem deschi\u0219i s\u0103 colabor\u0103m cu profesioni\u0219ti care privesc dincolo de simple tranzac\u021bii.                <\/div>\r\n                                <\/div>\r\n        <!-- End of default title style -->\r\n\r\n    <\/div>\r\n\t\t\t\t<\/div>\n\t\t\t\t<\/div>\n\t\t\t\t\t<\/div>\n\t\t<\/div>\n\t\t\t\t\t<\/div>\n\t\t<\/section>\n\t\t<div class=\"elementor-element elementor-element-6ffad1f e-flex e-con-boxed e-con e-parent\" data-id=\"6ffad1f\" data-element_type=\"container\" data-settings=\"{&quot;_ha_eqh_enable&quot;:false}\">\n\t\t\t\t\t<div class=\"e-con-inner\">\n\t\t\t\t<div class=\"elementor-element elementor-element-8af45cd elementor-widget elementor-widget-creote-project-inforamtion-v1\" data-id=\"8af45cd\" data-element_type=\"widget\" data-widget_type=\"creote-project-inforamtion-v1.default\">\n\t\t\t\t<div class=\"elementor-widget-container\">\n\t\t\t\t\t \r\n<div class=\"project_information\">  <h2>Retail Leasing Specialist<\/h2>  <div class=\"project_information_bo\">  <div class=\"repeat_informtion\">  <h6>Postat:<\/h6>   <p>20-June-2025<\/p>  <\/div>  <div class=\"repeat_informtion\">  <h6>Loca\u021bie: <\/h6>   <p>Ia\u0219i \u0219i principalele ora\u0219e din zona de nord-est a Rom\u00e2niei  (ex. :Bac\u0103u, Suceava, Piatra Neam\u021b)<\/p>  <\/div>  <div class=\"social_medias\">    <\/div>   <a href=\"https:\/\/4biz.properties\/ro\/project\/retail-leasing-specialist-moldova-region-romania\/\"  target=&quot;_blank&quot;  rel=&quot;nofollow&quot; class=\"theme-btn two\"> Aplic\u0103 <\/a>  <\/div><\/div>\r\n\t\t\t\t<\/div>\n\t\t\t\t<\/div>\n\t\t\t\t\t<\/div>\n\t\t\t\t<\/div>\n\t\t\t\t<\/div>\n\t\t","protected":false},"excerpt":{"rendered":"<p>Al\u0103tura\u021bi-v\u0103 echipei noastre Credem c\u0103 valoarea imobiliarelor este creat\u0103 de oameni \u2014 prin expertiz\u0103, insight \u0219i parteneriate pe termen lung. Dac\u0103 dori\u021bi s\u0103 v\u0103 dezvolta\u021bi \u00eentr-un mediu dinamic, orientat spre rezultate, care apreciaz\u0103 g\u00e2ndirea strategic\u0103 \u0219i integritatea profesional\u0103, vrem s\u0103 v\u0103 cunoa\u0219tem. Indiferent dac\u0103 ave\u021bi experien\u021b\u0103 \u00een \u00eenchiriere, investi\u021bii, cercetare sau management de active, suntem [&hellip;]<\/p>\n","protected":false},"author":1,"featured_media":6780,"parent":0,"menu_order":0,"comment_status":"closed","ping_status":"closed","template":"","meta":{"_joinchat":[],"footnotes":""},"class_list":["post-7532","page","type-page","status-publish","has-post-thumbnail","hentry"],"yoast_head":"<!-- This site is optimized with the Yoast SEO Premium plugin v24.9 (Yoast SEO v24.9) - https:\/\/yoast.com\/wordpress\/plugins\/seo\/ -->\n<title>Careers | 4Biz Properties<\/title>\n<meta name=\"description\" content=\"Explore exciting career opportunities at 4Biz Properties. Join us to grow and shape the future of real estate.\" \/>\n<meta name=\"robots\" content=\"index, follow, max-snippet:-1, max-image-preview:large, max-video-preview:-1\" \/>\n<link rel=\"canonical\" href=\"https:\/\/4biz.properties\/ro\/careers\/\" \/>\n<meta property=\"og:locale\" content=\"ro_RO\" \/>\n<meta property=\"og:type\" content=\"article\" \/>\n<meta property=\"og:title\" content=\"Careers\" \/>\n<meta property=\"og:description\" content=\"Explore exciting career opportunities at 4Biz Properties. Join us to grow and shape the future of real estate.\" \/>\n<meta property=\"og:url\" content=\"https:\/\/4biz.properties\/ro\/careers\/\" \/>\n<meta property=\"og:site_name\" content=\"4Biz Properties\" \/>\n<meta property=\"article:modified_time\" content=\"2025-07-24T19:23:03+00:00\" \/>\n<meta property=\"og:image\" content=\"https:\/\/4biz.properties\/ro\/wp-content\/uploads\/2025\/05\/4Biz-Properties.jpg\" \/>\n\t<meta property=\"og:image:width\" content=\"780\" \/>\n\t<meta property=\"og:image:height\" content=\"780\" \/>\n\t<meta property=\"og:image:type\" content=\"image\/jpeg\" \/>\n<meta name=\"twitter:card\" content=\"summary_large_image\" \/>\n<meta name=\"twitter:label1\" content=\"Timp estimat pentru citire\" \/>\n\t<meta name=\"twitter:data1\" content=\"1 minut\" \/>\n<script type=\"application\/ld+json\" class=\"yoast-schema-graph\">{\"@context\":\"https:\/\/schema.org\",\"@graph\":[{\"@type\":\"WebPage\",\"@id\":\"https:\/\/4biz.properties\/ro\/careers\/\",\"url\":\"https:\/\/4biz.properties\/ro\/careers\/\",\"name\":\"Careers | 4Biz Properties\",\"isPartOf\":{\"@id\":\"https:\/\/4biz.properties\/ro\/#website\"},\"primaryImageOfPage\":{\"@id\":\"https:\/\/4biz.properties\/ro\/careers\/#primaryimage\"},\"image\":{\"@id\":\"https:\/\/4biz.properties\/ro\/careers\/#primaryimage\"},\"thumbnailUrl\":\"https:\/\/4biz.properties\/ro\/wp-content\/uploads\/2025\/05\/4Biz-Properties.jpg\",\"datePublished\":\"2025-06-20T10:16:35+00:00\",\"dateModified\":\"2025-07-24T19:23:03+00:00\",\"description\":\"Explore exciting career opportunities at 4Biz Properties. Join us to grow and shape the future of real estate.\",\"breadcrumb\":{\"@id\":\"https:\/\/4biz.properties\/ro\/careers\/#breadcrumb\"},\"inLanguage\":\"ro-RO\",\"potentialAction\":[{\"@type\":\"ReadAction\",\"target\":[\"https:\/\/4biz.properties\/ro\/careers\/\"]}]},{\"@type\":\"ImageObject\",\"inLanguage\":\"ro-RO\",\"@id\":\"https:\/\/4biz.properties\/ro\/careers\/#primaryimage\",\"url\":\"https:\/\/4biz.properties\/ro\/wp-content\/uploads\/2025\/05\/4Biz-Properties.jpg\",\"contentUrl\":\"https:\/\/4biz.properties\/ro\/wp-content\/uploads\/2025\/05\/4Biz-Properties.jpg\",\"width\":780,\"height\":780},{\"@type\":\"BreadcrumbList\",\"@id\":\"https:\/\/4biz.properties\/ro\/careers\/#breadcrumb\",\"itemListElement\":[{\"@type\":\"ListItem\",\"position\":1,\"name\":\"Home\",\"item\":\"https:\/\/4biz.properties\/ro\/\"},{\"@type\":\"ListItem\",\"position\":2,\"name\":\"Careers\"}]},{\"@type\":\"WebSite\",\"@id\":\"https:\/\/4biz.properties\/ro\/#website\",\"url\":\"https:\/\/4biz.properties\/ro\/\",\"name\":\"4Biz Properties\",\"description\":\"Commercial Real Estate | 4Biz Properties\",\"publisher\":{\"@id\":\"https:\/\/4biz.properties\/ro\/#organization\"},\"alternateName\":\"4Biz Properties\",\"potentialAction\":[{\"@type\":\"SearchAction\",\"target\":{\"@type\":\"EntryPoint\",\"urlTemplate\":\"https:\/\/4biz.properties\/ro\/?s={search_term_string}\"},\"query-input\":{\"@type\":\"PropertyValueSpecification\",\"valueRequired\":true,\"valueName\":\"search_term_string\"}}],\"inLanguage\":\"ro-RO\"},{\"@type\":\"Organization\",\"@id\":\"https:\/\/4biz.properties\/ro\/#organization\",\"name\":\"4Biz Properties\",\"alternateName\":\"4Biz Properties\",\"url\":\"https:\/\/4biz.properties\/ro\/\",\"logo\":{\"@type\":\"ImageObject\",\"inLanguage\":\"ro-RO\",\"@id\":\"https:\/\/4biz.properties\/ro\/#\/schema\/logo\/image\/\",\"url\":\"https:\/\/4biz.properties\/ro\/wp-content\/uploads\/2025\/05\/4Biz-Properties.jpg\",\"contentUrl\":\"https:\/\/4biz.properties\/ro\/wp-content\/uploads\/2025\/05\/4Biz-Properties.jpg\",\"width\":780,\"height\":780,\"caption\":\"4Biz Properties\"},\"image\":{\"@id\":\"https:\/\/4biz.properties\/ro\/#\/schema\/logo\/image\/\"}}]}<\/script>\n<!-- \/ Yoast SEO Premium plugin. -->","yoast_head_json":{"title":"Careers | 4Biz Properties","description":"Explore exciting career opportunities at 4Biz Properties. Join us to grow and shape the future of real estate.","robots":{"index":"index","follow":"follow","max-snippet":"max-snippet:-1","max-image-preview":"max-image-preview:large","max-video-preview":"max-video-preview:-1"},"canonical":"https:\/\/4biz.properties\/ro\/careers\/","og_locale":"ro_RO","og_type":"article","og_title":"Careers","og_description":"Explore exciting career opportunities at 4Biz Properties. Join us to grow and shape the future of real estate.","og_url":"https:\/\/4biz.properties\/ro\/careers\/","og_site_name":"4Biz Properties","article_modified_time":"2025-07-24T19:23:03+00:00","og_image":[{"width":780,"height":780,"url":"https:\/\/4biz.properties\/ro\/wp-content\/uploads\/2025\/05\/4Biz-Properties.jpg","type":"image\/jpeg"}],"twitter_card":"summary_large_image","twitter_misc":{"Timp estimat pentru citire":"1 minut"},"schema":{"@context":"https:\/\/schema.org","@graph":[{"@type":"WebPage","@id":"https:\/\/4biz.properties\/ro\/careers\/","url":"https:\/\/4biz.properties\/ro\/careers\/","name":"Careers | 4Biz Properties","isPartOf":{"@id":"https:\/\/4biz.properties\/ro\/#website"},"primaryImageOfPage":{"@id":"https:\/\/4biz.properties\/ro\/careers\/#primaryimage"},"image":{"@id":"https:\/\/4biz.properties\/ro\/careers\/#primaryimage"},"thumbnailUrl":"https:\/\/4biz.properties\/ro\/wp-content\/uploads\/2025\/05\/4Biz-Properties.jpg","datePublished":"2025-06-20T10:16:35+00:00","dateModified":"2025-07-24T19:23:03+00:00","description":"Explore exciting career opportunities at 4Biz Properties. Join us to grow and shape the future of real estate.","breadcrumb":{"@id":"https:\/\/4biz.properties\/ro\/careers\/#breadcrumb"},"inLanguage":"ro-RO","potentialAction":[{"@type":"ReadAction","target":["https:\/\/4biz.properties\/ro\/careers\/"]}]},{"@type":"ImageObject","inLanguage":"ro-RO","@id":"https:\/\/4biz.properties\/ro\/careers\/#primaryimage","url":"https:\/\/4biz.properties\/ro\/wp-content\/uploads\/2025\/05\/4Biz-Properties.jpg","contentUrl":"https:\/\/4biz.properties\/ro\/wp-content\/uploads\/2025\/05\/4Biz-Properties.jpg","width":780,"height":780},{"@type":"BreadcrumbList","@id":"https:\/\/4biz.properties\/ro\/careers\/#breadcrumb","itemListElement":[{"@type":"ListItem","position":1,"name":"Home","item":"https:\/\/4biz.properties\/ro\/"},{"@type":"ListItem","position":2,"name":"Careers"}]},{"@type":"WebSite","@id":"https:\/\/4biz.properties\/ro\/#website","url":"https:\/\/4biz.properties\/ro\/","name":"4Biz Properties","description":"Commercial Real Estate | 4Biz Properties","publisher":{"@id":"https:\/\/4biz.properties\/ro\/#organization"},"alternateName":"4Biz Properties","potentialAction":[{"@type":"SearchAction","target":{"@type":"EntryPoint","urlTemplate":"https:\/\/4biz.properties\/ro\/?s={search_term_string}"},"query-input":{"@type":"PropertyValueSpecification","valueRequired":true,"valueName":"search_term_string"}}],"inLanguage":"ro-RO"},{"@type":"Organization","@id":"https:\/\/4biz.properties\/ro\/#organization","name":"4Biz Properties","alternateName":"4Biz Properties","url":"https:\/\/4biz.properties\/ro\/","logo":{"@type":"ImageObject","inLanguage":"ro-RO","@id":"https:\/\/4biz.properties\/ro\/#\/schema\/logo\/image\/","url":"https:\/\/4biz.properties\/ro\/wp-content\/uploads\/2025\/05\/4Biz-Properties.jpg","contentUrl":"https:\/\/4biz.properties\/ro\/wp-content\/uploads\/2025\/05\/4Biz-Properties.jpg","width":780,"height":780,"caption":"4Biz Properties"},"image":{"@id":"https:\/\/4biz.properties\/ro\/#\/schema\/logo\/image\/"}}]}},"_links":{"self":[{"href":"https:\/\/4biz.properties\/ro\/wp-json\/wp\/v2\/pages\/7532","targetHints":{"allow":["GET"]}}],"collection":[{"href":"https:\/\/4biz.properties\/ro\/wp-json\/wp\/v2\/pages"}],"about":[{"href":"https:\/\/4biz.properties\/ro\/wp-json\/wp\/v2\/types\/page"}],"author":[{"embeddable":true,"href":"https:\/\/4biz.properties\/ro\/wp-json\/wp\/v2\/users\/1"}],"replies":[{"embeddable":true,"href":"https:\/\/4biz.properties\/ro\/wp-json\/wp\/v2\/comments?post=7532"}],"version-history":[{"count":26,"href":"https:\/\/4biz.properties\/ro\/wp-json\/wp\/v2\/pages\/7532\/revisions"}],"predecessor-version":[{"id":8063,"href":"https:\/\/4biz.properties\/ro\/wp-json\/wp\/v2\/pages\/7532\/revisions\/8063"}],"wp:featuredmedia":[{"embeddable":true,"href":"https:\/\/4biz.properties\/ro\/wp-json\/wp\/v2\/media\/6780"}],"wp:attachment":[{"href":"https:\/\/4biz.properties\/ro\/wp-json\/wp\/v2\/media?parent=7532"}],"curies":[{"name":"wp","href":"https:\/\/api.w.org\/{rel}","templated":true}]}}