{"id":7619,"date":"2025-06-23T09:53:35","date_gmt":"2025-06-23T09:53:35","guid":{"rendered":"https:\/\/4biz.properties\/?page_id=7619"},"modified":"2025-06-25T08:23:47","modified_gmt":"2025-06-25T08:23:47","slug":"office","status":"publish","type":"page","link":"https:\/\/4biz.properties\/ro\/office\/","title":{"rendered":"Office"},"content":{"rendered":"\t\t<div data-elementor-type=\"wp-page\" data-elementor-id=\"7619\" class=\"elementor elementor-7619\" data-elementor-settings=\"{&quot;ha_cmc_init_switcher&quot;:&quot;no&quot;}\">\n\t\t\t\t<div class=\"elementor-element elementor-element-3a9dc5c6 e-flex e-con-boxed e-con e-parent\" data-id=\"3a9dc5c6\" data-element_type=\"container\" data-settings=\"{&quot;background_background&quot;:&quot;classic&quot;,&quot;_ha_eqh_enable&quot;:false}\">\n\t\t\t\t\t<div class=\"e-con-inner\">\n\t\t<div class=\"elementor-element elementor-element-64401c7d e-con-full e-flex e-con e-child\" data-id=\"64401c7d\" data-element_type=\"container\" data-settings=\"{&quot;_ha_eqh_enable&quot;:false}\">\n\t\t\t\t<div class=\"elementor-element elementor-element-763fd1c0 elementor-widget elementor-widget-creote-title-v1\" data-id=\"763fd1c0\" data-element_type=\"widget\" data-widget_type=\"creote-title-v1.default\">\n\t\t\t\t<div class=\"elementor-widget-container\">\n\t\t\t\t\t<div class=\"title_all_box style_one dark_color\">\r\n            <!-- Default title style -->\r\n        <div class=\"title_sections left\">\r\n                                        <div class=\"title\">\r\n                    BIROURI                <\/div>\r\n                                <\/div>\r\n        <!-- End of default title style -->\r\n\r\n    <\/div>\r\n\t\t\t\t<\/div>\n\t\t\t\t<\/div>\n\t\t\t\t<\/div>\n\t\t<div class=\"elementor-element elementor-element-220ee3a9 e-con-full e-flex e-con e-child\" data-id=\"220ee3a9\" data-element_type=\"container\" data-settings=\"{&quot;_ha_eqh_enable&quot;:false}\">\n\t\t\t\t<div class=\"elementor-element elementor-element-7553eba8 elementor-widget elementor-widget-creote-title-v1\" data-id=\"7553eba8\" data-element_type=\"widget\" data-widget_type=\"creote-title-v1.default\">\n\t\t\t\t<div class=\"elementor-widget-container\">\n\t\t\t\t\t<div class=\"title_all_box style_one dark_color\">\r\n            <!-- Default title style -->\r\n        <div class=\"title_sections left\">\r\n                                        <div class=\"title\">\r\n                    Spa\u021biul potrivit accelereaz\u0103 afacerea \u2014 g\u0103sim biroul care reflect\u0103 ambi\u021bia \u0219i direc\u021bia companiei tale.                <\/div>\r\n                                <\/div>\r\n        <!-- End of default title style -->\r\n\r\n    <\/div>\r\n\t\t\t\t<\/div>\n\t\t\t\t<\/div>\n\t\t\t\t<\/div>\n\t\t\t\t\t<\/div>\n\t\t\t\t<\/div>\n\t\t<div class=\"elementor-element elementor-element-1998e2cd e-flex e-con-boxed e-con e-parent\" data-id=\"1998e2cd\" data-element_type=\"container\" data-settings=\"{&quot;_ha_eqh_enable&quot;:false}\">\n\t\t\t\t\t<div class=\"e-con-inner\">\n\t\t\t\t<div class=\"elementor-element elementor-element-442d612b elementor-widget elementor-widget-creote-title-v1\" data-id=\"442d612b\" data-element_type=\"widget\" data-widget_type=\"creote-title-v1.default\">\n\t\t\t\t<div class=\"elementor-widget-container\">\n\t\t\t\t\t<div class=\"title_all_box style_one dark_color\">\r\n            <!-- Default title style -->\r\n        <div class=\"title_sections left\">\r\n                                        <div class=\"title\">\r\n                    Solu\u021bii personalizate pentru spa\u021bii de lucru                <\/div>\r\n                                <\/div>\r\n        <!-- End of default title style -->\r\n\r\n    <\/div>\r\n\t\t\t\t<\/div>\n\t\t\t\t<\/div>\n\t\t\t\t\t<\/div>\n\t\t\t\t<\/div>\n\t\t<div class=\"elementor-element elementor-element-327ff29 e-grid e-con-boxed e-con e-parent\" data-id=\"327ff29\" data-element_type=\"container\" data-settings=\"{&quot;_ha_eqh_enable&quot;:false}\">\n\t\t\t\t\t<div class=\"e-con-inner\">\n\t\t\t\t<div class=\"elementor-element elementor-element-6fa73914 elementor-widget elementor-widget-creote-title-v1\" data-id=\"6fa73914\" data-element_type=\"widget\" data-widget_type=\"creote-title-v1.default\">\n\t\t\t\t<div class=\"elementor-widget-container\">\n\t\t\t\t\t<div class=\"title_all_box style_one dark_color\">\r\n            <!-- Default title style -->\r\n        <div class=\"title_sections left\">\r\n                                        <div class=\"title\">\r\n                    Oferim suport companiilor \u00een toate etapele ciclului imobiliar \u2014 de la startup-uri ce caut\u0103 spa\u021bii flexibile, p\u00e2n\u0103 la organiza\u021bii consolidate care \u00ee\u0219i optimizeaz\u0103 opera\u021biunile sau se extind \u00een noi pie\u021be.<br>\nIndiferent dac\u0103 sunte\u021bi chiria\u0219 corporate, investitor sau dezvoltator, v\u0103 sprijinim s\u0103 naviga\u021bi cu \u00eencredere \u0219i claritate pe pia\u021ba spa\u021biilor de birouri.                <\/div>\r\n                                <\/div>\r\n        <!-- End of default title style -->\r\n\r\n    <\/div>\r\n\t\t\t\t<\/div>\n\t\t\t\t<\/div>\n\t\t\t\t<div class=\"elementor-element elementor-element-8046419 elementor-widget elementor-widget-creote-moving-image-v1\" data-id=\"8046419\" data-element_type=\"widget\" data-widget_type=\"creote-moving-image-v1.default\">\n\t\t\t\t<div class=\"elementor-widget-container\">\n\t\t\t\t\t <div class=\"move_image_absolute\">  <img decoding=\"async\" src=\"https:\/\/4biz.properties\/ro\/wp-content\/uploads\/2025\/06\/4Biz-1.png\" class=\"class-fluid\" alt=\"image\" \/> <\/div> \r\n\t\t\t\t<\/div>\n\t\t\t\t<\/div>\n\t\t\t\t\t<\/div>\n\t\t\t\t<\/div>\n\t\t<div class=\"elementor-element elementor-element-654be76f e-flex e-con-boxed e-con e-parent\" data-id=\"654be76f\" data-element_type=\"container\" data-settings=\"{&quot;_ha_eqh_enable&quot;:false}\">\n\t\t\t\t\t<div class=\"e-con-inner\">\n\t\t\t\t\t<\/div>\n\t\t\t\t<\/div>\n\t\t<div class=\"elementor-element elementor-element-b79026b e-flex e-con-boxed e-con e-parent\" data-id=\"b79026b\" data-element_type=\"container\" data-settings=\"{&quot;_ha_eqh_enable&quot;:false}\">\n\t\t\t\t\t<div class=\"e-con-inner\">\n\t\t\t\t<div class=\"elementor-element elementor-element-5f87c96 elementor-widget elementor-widget-creote-title-v1\" data-id=\"5f87c96\" data-element_type=\"widget\" data-widget_type=\"creote-title-v1.default\">\n\t\t\t\t<div class=\"elementor-widget-container\">\n\t\t\t\t\t<div class=\"title_all_box style_one dark_color\">\r\n            <!-- Default title style -->\r\n        <div class=\"title_sections left\">\r\n                                        <div class=\"title\">\r\n                    Colabor\u0103m cu:                <\/div>\r\n                                <\/div>\r\n        <!-- End of default title style -->\r\n\r\n    <\/div>\r\n\t\t\t\t<\/div>\n\t\t\t\t<\/div>\n\t\t\t\t\t<\/div>\n\t\t\t\t<\/div>\n\t\t<div class=\"elementor-element elementor-element-53ea5ac e-flex e-con-boxed e-con e-parent\" data-id=\"53ea5ac\" data-element_type=\"container\" data-settings=\"{&quot;_ha_eqh_enable&quot;:false}\">\n\t\t\t\t\t<div class=\"e-con-inner\">\n\t\t\t\t<div class=\"elementor-element elementor-element-3c54020 elementor-widget elementor-widget-creote-title-v1\" data-id=\"3c54020\" data-element_type=\"widget\" data-widget_type=\"creote-title-v1.default\">\n\t\t\t\t<div class=\"elementor-widget-container\">\n\t\t\t\t\t<div class=\"title_all_box style_one dark_color\">\r\n            <!-- Default title style -->\r\n        <div class=\"title_sections left\">\r\n                                        <div class=\"title\">\r\n                    <li>Companii multina\u021bionale \u0219i regionale \u00een c\u0103utare de spa\u021bii de birouri<br>\n<li>Ocupan\u021bi care inten\u021bioneaz\u0103 s\u0103 se relocheze, extind\u0103 sau s\u0103-\u0219i consolideze opera\u021biunile<br>\n<li>Proprietari \u0219i administratori de cl\u0103diri de birouri<br>\n<li>Dezvoltatori care planific\u0103 proiecte noi sau conversii func\u021bionale\n\n                <\/div>\r\n                                <\/div>\r\n        <!-- End of default title style -->\r\n\r\n    <\/div>\r\n\t\t\t\t<\/div>\n\t\t\t\t<\/div>\n\t\t\t\t\t<\/div>\n\t\t\t\t<\/div>\n\t\t<div class=\"elementor-element elementor-element-d0ec78e e-flex e-con-boxed e-con e-parent\" data-id=\"d0ec78e\" data-element_type=\"container\" data-settings=\"{&quot;_ha_eqh_enable&quot;:false}\">\n\t\t\t\t\t<div class=\"e-con-inner\">\n\t\t\t\t<div class=\"elementor-element elementor-element-860aeed elementor-widget elementor-widget-creote-title-v1\" data-id=\"860aeed\" data-element_type=\"widget\" data-widget_type=\"creote-title-v1.default\">\n\t\t\t\t<div class=\"elementor-widget-container\">\n\t\t\t\t\t<div class=\"title_all_box style_one dark_color\">\r\n            <!-- Default title style -->\r\n        <div class=\"title_sections left\">\r\n                                        <div class=\"title\">\r\n                    Serviciile noastre includ:                <\/div>\r\n                                <\/div>\r\n        <!-- End of default title style -->\r\n\r\n    <\/div>\r\n\t\t\t\t<\/div>\n\t\t\t\t<\/div>\n\t\t\t\t\t<\/div>\n\t\t\t\t<\/div>\n\t\t<div class=\"elementor-element elementor-element-1133d85 e-flex e-con-boxed e-con e-parent\" data-id=\"1133d85\" data-element_type=\"container\" data-settings=\"{&quot;_ha_eqh_enable&quot;:false}\">\n\t\t\t\t\t<div class=\"e-con-inner\">\n\t\t\t\t<div class=\"elementor-element elementor-element-6c07445 elementor-widget elementor-widget-creote-title-v1\" data-id=\"6c07445\" data-element_type=\"widget\" data-widget_type=\"creote-title-v1.default\">\n\t\t\t\t<div class=\"elementor-widget-container\">\n\t\t\t\t\t<div class=\"title_all_box style_one dark_color\">\r\n            <!-- Default title style -->\r\n        <div class=\"title_sections left\">\r\n                                        <div class=\"title\">\r\n                    <li>Reprezentarea chiria\u0219ilor \u0219i negocierea contractelor de \u00eenchiriere<br>\n<li>Consultan\u021b\u0103 pentru planificarea spa\u021biilor \u0219i selec\u021bia loca\u021biei<br>\n<li>Achizi\u021bia, relocarea sau v\u00e2nzarea spa\u021biilor de birouri<br>\n<li>Administrarea propriet\u0103\u021bilor \u0219i a portofoliilor<br>\n<li>Monitorizarea pie\u021b\n<li>Consultan\u021b\u0103 strategic\u0103 pentru extindere \u0219i optimizarea costurilor                <\/div>\r\n                                <\/div>\r\n        <!-- End of default title style -->\r\n\r\n    <\/div>\r\n\t\t\t\t<\/div>\n\t\t\t\t<\/div>\n\t\t\t\t\t<\/div>\n\t\t\t\t<\/div>\n\t\t<div class=\"elementor-element elementor-element-a9a24f8 e-flex e-con-boxed e-con e-parent\" data-id=\"a9a24f8\" data-element_type=\"container\" data-settings=\"{&quot;_ha_eqh_enable&quot;:false}\">\n\t\t\t\t\t<div class=\"e-con-inner\">\n\t\t\t\t<div class=\"elementor-element elementor-element-b7aff4a elementor-widget elementor-widget-creote-title-v1\" data-id=\"b7aff4a\" data-element_type=\"widget\" data-widget_type=\"creote-title-v1.default\">\n\t\t\t\t<div class=\"elementor-widget-container\">\n\t\t\t\t\t<div class=\"title_all_box style_one dark_color\">\r\n            <!-- Default title style -->\r\n        <div class=\"title_sections left\">\r\n                                        <div class=\"title\">\r\n                    Avem expertiz\u0103 \u00een gestionarea \u00eentregului spectru de spa\u021bii de birouri \u2014 de la centre de afaceri clasa A, p\u00e2n\u0103 la proiecte mixte \u0219i de reutilizare adaptiv\u0103.                <\/div>\r\n                                <\/div>\r\n        <!-- End of default title style -->\r\n\r\n    <\/div>\r\n\t\t\t\t<\/div>\n\t\t\t\t<\/div>\n\t\t\t\t\t<\/div>\n\t\t\t\t<\/div>\n\t\t<div class=\"elementor-element elementor-element-163a01d e-flex e-con-boxed e-con e-parent\" data-id=\"163a01d\" data-element_type=\"container\" data-settings=\"{&quot;_ha_eqh_enable&quot;:false}\">\n\t\t\t\t\t<div class=\"e-con-inner\">\n\t\t\t\t<div data-ha-element-link=\"{&quot;url&quot;:&quot;https:\\\/\\\/4biz.properties\\\/ro\\\/services\\\/&quot;,&quot;is_external&quot;:&quot;&quot;,&quot;nofollow&quot;:&quot;&quot;}\" style=\"cursor: pointer\" class=\"elementor-element elementor-element-03fd983 elementor-widget elementor-widget-creote-title-v1\" data-id=\"03fd983\" data-element_type=\"widget\" data-widget_type=\"creote-title-v1.default\">\n\t\t\t\t<div class=\"elementor-widget-container\">\n\t\t\t\t\t<div class=\"title_all_box style_one dark_color\">\r\n            <!-- Default title style -->\r\n        <div class=\"title_sections left\">\r\n                                        <div class=\"title\">\r\n                    V\u0103 invit\u0103m s\u0103 explora\u021bi portofoliul nostru complet de <b><U>servicii imobiliare comerciale<\/b><\/u> pentru a \u00een\u021belege pe deplin sprijinul oferit ocupan\u021bilor \u0219i investitorilor.                <\/div>\r\n                                <\/div>\r\n        <!-- End of default title style -->\r\n\r\n    <\/div>\r\n\t\t\t\t<\/div>\n\t\t\t\t<\/div>\n\t\t\t\t\t<\/div>\n\t\t\t\t<\/div>\n\t\t\t\t<\/div>\n\t\t","protected":false},"excerpt":{"rendered":"<p>BIROURI Spa\u021biul potrivit accelereaz\u0103 afacerea \u2014 g\u0103sim biroul care reflect\u0103 ambi\u021bia \u0219i direc\u021bia companiei tale. Solu\u021bii personalizate pentru spa\u021bii de lucru Oferim suport companiilor \u00een toate etapele ciclului imobiliar \u2014 de la startup-uri ce caut\u0103 spa\u021bii flexibile, p\u00e2n\u0103 la organiza\u021bii consolidate care \u00ee\u0219i optimizeaz\u0103 opera\u021biunile sau se extind \u00een noi pie\u021be. Indiferent dac\u0103 sunte\u021bi chiria\u0219 [&hellip;]<\/p>\n","protected":false},"author":1,"featured_media":7001,"parent":0,"menu_order":0,"comment_status":"closed","ping_status":"closed","template":"","meta":{"_joinchat":[],"footnotes":""},"class_list":["post-7619","page","type-page","status-publish","has-post-thumbnail","hentry"],"yoast_head":"<!-- This site is optimized with the Yoast SEO Premium plugin v24.9 (Yoast SEO v24.9) - https:\/\/yoast.com\/wordpress\/plugins\/seo\/ -->\n<title>Office | 4Biz Properties<\/title>\n<meta name=\"description\" content=\"Tailored office space solutions for occupiers, investors, and developers.\" \/>\n<meta name=\"robots\" content=\"index, follow, max-snippet:-1, max-image-preview:large, max-video-preview:-1\" \/>\n<link rel=\"canonical\" href=\"https:\/\/4biz.properties\/ro\/office\/\" \/>\n<meta property=\"og:locale\" content=\"ro_RO\" \/>\n<meta property=\"og:type\" content=\"article\" \/>\n<meta property=\"og:title\" content=\"Office | 4Biz Properties\" \/>\n<meta property=\"og:description\" content=\"Tailored office space solutions for occupiers, investors, and developers.\" \/>\n<meta property=\"og:url\" content=\"https:\/\/4biz.properties\/ro\/office\/\" \/>\n<meta property=\"og:site_name\" content=\"4Biz Properties\" \/>\n<meta property=\"article:modified_time\" content=\"2025-06-25T08:23:47+00:00\" \/>\n<meta property=\"og:image\" content=\"https:\/\/4biz.properties\/ro\/wp-content\/uploads\/2025\/06\/2-1.jpg\" \/>\n\t<meta property=\"og:image:width\" content=\"780\" \/>\n\t<meta property=\"og:image:height\" content=\"780\" \/>\n\t<meta property=\"og:image:type\" content=\"image\/jpeg\" \/>\n<meta name=\"twitter:card\" content=\"summary_large_image\" \/>\n<meta name=\"twitter:title\" content=\"Office\" \/>\n<meta name=\"twitter:label1\" content=\"Timp estimat pentru citire\" \/>\n\t<meta name=\"twitter:data1\" content=\"2 minute\" \/>\n<script type=\"application\/ld+json\" class=\"yoast-schema-graph\">{\"@context\":\"https:\/\/schema.org\",\"@graph\":[{\"@type\":\"WebPage\",\"@id\":\"https:\/\/4biz.properties\/ro\/office\/\",\"url\":\"https:\/\/4biz.properties\/ro\/office\/\",\"name\":\"Office | 4Biz Properties\",\"isPartOf\":{\"@id\":\"https:\/\/4biz.properties\/ro\/#website\"},\"primaryImageOfPage\":{\"@id\":\"https:\/\/4biz.properties\/ro\/office\/#primaryimage\"},\"image\":{\"@id\":\"https:\/\/4biz.properties\/ro\/office\/#primaryimage\"},\"thumbnailUrl\":\"https:\/\/4biz.properties\/ro\/wp-content\/uploads\/2025\/06\/2-1.jpg\",\"datePublished\":\"2025-06-23T09:53:35+00:00\",\"dateModified\":\"2025-06-25T08:23:47+00:00\",\"description\":\"Tailored office space solutions for occupiers, investors, and developers.\",\"breadcrumb\":{\"@id\":\"https:\/\/4biz.properties\/ro\/office\/#breadcrumb\"},\"inLanguage\":\"ro-RO\",\"potentialAction\":[{\"@type\":\"ReadAction\",\"target\":[\"https:\/\/4biz.properties\/ro\/office\/\"]}]},{\"@type\":\"ImageObject\",\"inLanguage\":\"ro-RO\",\"@id\":\"https:\/\/4biz.properties\/ro\/office\/#primaryimage\",\"url\":\"https:\/\/4biz.properties\/ro\/wp-content\/uploads\/2025\/06\/2-1.jpg\",\"contentUrl\":\"https:\/\/4biz.properties\/ro\/wp-content\/uploads\/2025\/06\/2-1.jpg\",\"width\":780,\"height\":780},{\"@type\":\"BreadcrumbList\",\"@id\":\"https:\/\/4biz.properties\/ro\/office\/#breadcrumb\",\"itemListElement\":[{\"@type\":\"ListItem\",\"position\":1,\"name\":\"Home\",\"item\":\"https:\/\/4biz.properties\/ro\/\"},{\"@type\":\"ListItem\",\"position\":2,\"name\":\"Office\"}]},{\"@type\":\"WebSite\",\"@id\":\"https:\/\/4biz.properties\/ro\/#website\",\"url\":\"https:\/\/4biz.properties\/ro\/\",\"name\":\"4Biz Properties\",\"description\":\"Commercial Real Estate | 4Biz Properties\",\"publisher\":{\"@id\":\"https:\/\/4biz.properties\/ro\/#organization\"},\"alternateName\":\"4Biz Properties\",\"potentialAction\":[{\"@type\":\"SearchAction\",\"target\":{\"@type\":\"EntryPoint\",\"urlTemplate\":\"https:\/\/4biz.properties\/ro\/?s={search_term_string}\"},\"query-input\":{\"@type\":\"PropertyValueSpecification\",\"valueRequired\":true,\"valueName\":\"search_term_string\"}}],\"inLanguage\":\"ro-RO\"},{\"@type\":\"Organization\",\"@id\":\"https:\/\/4biz.properties\/ro\/#organization\",\"name\":\"4Biz Properties\",\"alternateName\":\"4Biz Properties\",\"url\":\"https:\/\/4biz.properties\/ro\/\",\"logo\":{\"@type\":\"ImageObject\",\"inLanguage\":\"ro-RO\",\"@id\":\"https:\/\/4biz.properties\/ro\/#\/schema\/logo\/image\/\",\"url\":\"https:\/\/4biz.properties\/ro\/wp-content\/uploads\/2025\/05\/4Biz-Properties.jpg\",\"contentUrl\":\"https:\/\/4biz.properties\/ro\/wp-content\/uploads\/2025\/05\/4Biz-Properties.jpg\",\"width\":780,\"height\":780,\"caption\":\"4Biz Properties\"},\"image\":{\"@id\":\"https:\/\/4biz.properties\/ro\/#\/schema\/logo\/image\/\"}}]}<\/script>\n<!-- \/ Yoast SEO Premium plugin. -->","yoast_head_json":{"title":"Office | 4Biz Properties","description":"Tailored office space solutions for occupiers, investors, and developers.","robots":{"index":"index","follow":"follow","max-snippet":"max-snippet:-1","max-image-preview":"max-image-preview:large","max-video-preview":"max-video-preview:-1"},"canonical":"https:\/\/4biz.properties\/ro\/office\/","og_locale":"ro_RO","og_type":"article","og_title":"Office | 4Biz Properties","og_description":"Tailored office space solutions for occupiers, investors, and developers.","og_url":"https:\/\/4biz.properties\/ro\/office\/","og_site_name":"4Biz Properties","article_modified_time":"2025-06-25T08:23:47+00:00","og_image":[{"width":780,"height":780,"url":"https:\/\/4biz.properties\/ro\/wp-content\/uploads\/2025\/06\/2-1.jpg","type":"image\/jpeg"}],"twitter_card":"summary_large_image","twitter_title":"Office","twitter_misc":{"Timp estimat pentru citire":"2 minute"},"schema":{"@context":"https:\/\/schema.org","@graph":[{"@type":"WebPage","@id":"https:\/\/4biz.properties\/ro\/office\/","url":"https:\/\/4biz.properties\/ro\/office\/","name":"Office | 4Biz Properties","isPartOf":{"@id":"https:\/\/4biz.properties\/ro\/#website"},"primaryImageOfPage":{"@id":"https:\/\/4biz.properties\/ro\/office\/#primaryimage"},"image":{"@id":"https:\/\/4biz.properties\/ro\/office\/#primaryimage"},"thumbnailUrl":"https:\/\/4biz.properties\/ro\/wp-content\/uploads\/2025\/06\/2-1.jpg","datePublished":"2025-06-23T09:53:35+00:00","dateModified":"2025-06-25T08:23:47+00:00","description":"Tailored office space solutions for occupiers, investors, and developers.","breadcrumb":{"@id":"https:\/\/4biz.properties\/ro\/office\/#breadcrumb"},"inLanguage":"ro-RO","potentialAction":[{"@type":"ReadAction","target":["https:\/\/4biz.properties\/ro\/office\/"]}]},{"@type":"ImageObject","inLanguage":"ro-RO","@id":"https:\/\/4biz.properties\/ro\/office\/#primaryimage","url":"https:\/\/4biz.properties\/ro\/wp-content\/uploads\/2025\/06\/2-1.jpg","contentUrl":"https:\/\/4biz.properties\/ro\/wp-content\/uploads\/2025\/06\/2-1.jpg","width":780,"height":780},{"@type":"BreadcrumbList","@id":"https:\/\/4biz.properties\/ro\/office\/#breadcrumb","itemListElement":[{"@type":"ListItem","position":1,"name":"Home","item":"https:\/\/4biz.properties\/ro\/"},{"@type":"ListItem","position":2,"name":"Office"}]},{"@type":"WebSite","@id":"https:\/\/4biz.properties\/ro\/#website","url":"https:\/\/4biz.properties\/ro\/","name":"4Biz Properties","description":"Commercial Real Estate | 4Biz Properties","publisher":{"@id":"https:\/\/4biz.properties\/ro\/#organization"},"alternateName":"4Biz Properties","potentialAction":[{"@type":"SearchAction","target":{"@type":"EntryPoint","urlTemplate":"https:\/\/4biz.properties\/ro\/?s={search_term_string}"},"query-input":{"@type":"PropertyValueSpecification","valueRequired":true,"valueName":"search_term_string"}}],"inLanguage":"ro-RO"},{"@type":"Organization","@id":"https:\/\/4biz.properties\/ro\/#organization","name":"4Biz Properties","alternateName":"4Biz Properties","url":"https:\/\/4biz.properties\/ro\/","logo":{"@type":"ImageObject","inLanguage":"ro-RO","@id":"https:\/\/4biz.properties\/ro\/#\/schema\/logo\/image\/","url":"https:\/\/4biz.properties\/ro\/wp-content\/uploads\/2025\/05\/4Biz-Properties.jpg","contentUrl":"https:\/\/4biz.properties\/ro\/wp-content\/uploads\/2025\/05\/4Biz-Properties.jpg","width":780,"height":780,"caption":"4Biz Properties"},"image":{"@id":"https:\/\/4biz.properties\/ro\/#\/schema\/logo\/image\/"}}]}},"_links":{"self":[{"href":"https:\/\/4biz.properties\/ro\/wp-json\/wp\/v2\/pages\/7619","targetHints":{"allow":["GET"]}}],"collection":[{"href":"https:\/\/4biz.properties\/ro\/wp-json\/wp\/v2\/pages"}],"about":[{"href":"https:\/\/4biz.properties\/ro\/wp-json\/wp\/v2\/types\/page"}],"author":[{"embeddable":true,"href":"https:\/\/4biz.properties\/ro\/wp-json\/wp\/v2\/users\/1"}],"replies":[{"embeddable":true,"href":"https:\/\/4biz.properties\/ro\/wp-json\/wp\/v2\/comments?post=7619"}],"version-history":[{"count":24,"href":"https:\/\/4biz.properties\/ro\/wp-json\/wp\/v2\/pages\/7619\/revisions"}],"predecessor-version":[{"id":7941,"href":"https:\/\/4biz.properties\/ro\/wp-json\/wp\/v2\/pages\/7619\/revisions\/7941"}],"wp:featuredmedia":[{"embeddable":true,"href":"https:\/\/4biz.properties\/ro\/wp-json\/wp\/v2\/media\/7001"}],"wp:attachment":[{"href":"https:\/\/4biz.properties\/ro\/wp-json\/wp\/v2\/media?parent=7619"}],"curies":[{"name":"wp","href":"https:\/\/api.w.org\/{rel}","templated":true}]}}