{"id":7636,"date":"2025-06-23T10:26:50","date_gmt":"2025-06-23T10:26:50","guid":{"rendered":"https:\/\/4biz.properties\/?page_id=7636"},"modified":"2025-06-25T08:28:23","modified_gmt":"2025-06-25T08:28:23","slug":"retail","status":"publish","type":"page","link":"https:\/\/4biz.properties\/ro\/retail\/","title":{"rendered":"Retail"},"content":{"rendered":"\t\t<div data-elementor-type=\"wp-page\" data-elementor-id=\"7636\" class=\"elementor elementor-7636\" data-elementor-settings=\"{&quot;ha_cmc_init_switcher&quot;:&quot;no&quot;}\">\n\t\t\t\t<div class=\"elementor-element elementor-element-3a9dc5c6 e-flex e-con-boxed e-con e-parent\" data-id=\"3a9dc5c6\" data-element_type=\"container\" data-settings=\"{&quot;background_background&quot;:&quot;classic&quot;,&quot;_ha_eqh_enable&quot;:false}\">\n\t\t\t\t\t<div class=\"e-con-inner\">\n\t\t<div class=\"elementor-element elementor-element-64401c7d e-con-full e-flex e-con e-child\" data-id=\"64401c7d\" data-element_type=\"container\" data-settings=\"{&quot;_ha_eqh_enable&quot;:false}\">\n\t\t\t\t<div class=\"elementor-element elementor-element-763fd1c0 elementor-widget elementor-widget-creote-title-v1\" data-id=\"763fd1c0\" data-element_type=\"widget\" data-widget_type=\"creote-title-v1.default\">\n\t\t\t\t<div class=\"elementor-widget-container\">\n\t\t\t\t\t<div class=\"title_all_box style_one dark_color\">\r\n            <!-- Default title style -->\r\n        <div class=\"title_sections left\">\r\n                                        <div class=\"title\">\r\n                    RETAIL                <\/div>\r\n                                <\/div>\r\n        <!-- End of default title style -->\r\n\r\n    <\/div>\r\n\t\t\t\t<\/div>\n\t\t\t\t<\/div>\n\t\t\t\t<\/div>\n\t\t<div class=\"elementor-element elementor-element-220ee3a9 e-con-full e-flex e-con e-child\" data-id=\"220ee3a9\" data-element_type=\"container\" data-settings=\"{&quot;_ha_eqh_enable&quot;:false}\">\n\t\t\t\t<div class=\"elementor-element elementor-element-7553eba8 elementor-widget elementor-widget-creote-title-v1\" data-id=\"7553eba8\" data-element_type=\"widget\" data-widget_type=\"creote-title-v1.default\">\n\t\t\t\t<div class=\"elementor-widget-container\">\n\t\t\t\t\t<div class=\"title_all_box style_one dark_color\">\r\n            <!-- Default title style -->\r\n        <div class=\"title_sections left\">\r\n                                        <div class=\"title\">\r\n                    Extinde-\u021bi prezen\u021ba \u00een retail cu \u00eencredere.                <\/div>\r\n                                <\/div>\r\n        <!-- End of default title style -->\r\n\r\n    <\/div>\r\n\t\t\t\t<\/div>\n\t\t\t\t<\/div>\n\t\t\t\t<\/div>\n\t\t\t\t\t<\/div>\n\t\t\t\t<\/div>\n\t\t<div class=\"elementor-element elementor-element-1998e2cd e-flex e-con-boxed e-con e-parent\" data-id=\"1998e2cd\" data-element_type=\"container\" data-settings=\"{&quot;_ha_eqh_enable&quot;:false}\">\n\t\t\t\t\t<div class=\"e-con-inner\">\n\t\t\t\t<div class=\"elementor-element elementor-element-442d612b elementor-widget elementor-widget-creote-title-v1\" data-id=\"442d612b\" data-element_type=\"widget\" data-widget_type=\"creote-title-v1.default\">\n\t\t\t\t<div class=\"elementor-widget-container\">\n\t\t\t\t\t<div class=\"title_all_box style_one dark_color\">\r\n            <!-- Default title style -->\r\n        <div class=\"title_sections left\">\r\n                                        <div class=\"title\">\r\n                    Valorific\u0103m poten\u021bialul fiec\u0103rei loca\u021bii comerciale                <\/div>\r\n                                <\/div>\r\n        <!-- End of default title style -->\r\n\r\n    <\/div>\r\n\t\t\t\t<\/div>\n\t\t\t\t<\/div>\n\t\t\t\t\t<\/div>\n\t\t\t\t<\/div>\n\t\t<div class=\"elementor-element elementor-element-327ff29 e-grid e-con-boxed e-con e-parent\" data-id=\"327ff29\" data-element_type=\"container\" data-settings=\"{&quot;_ha_eqh_enable&quot;:false}\">\n\t\t\t\t\t<div class=\"e-con-inner\">\n\t\t\t\t<div class=\"elementor-element elementor-element-6fa73914 elementor-widget elementor-widget-creote-title-v1\" data-id=\"6fa73914\" data-element_type=\"widget\" data-widget_type=\"creote-title-v1.default\">\n\t\t\t\t<div class=\"elementor-widget-container\">\n\t\t\t\t\t<div class=\"title_all_box style_one dark_color\">\r\n            <!-- Default title style -->\r\n        <div class=\"title_sections left\">\r\n                                        <div class=\"title\">\r\n                    Conect\u0103m branduri de retail, investitori \u0219i proprietari cu spa\u021bii strategice care genereaz\u0103 vizibilitate, trafic \u0219i performan\u021b\u0103 sustenabil\u0103. Indiferent dac\u0103 lansezi un concept nou sau extinzi o re\u021bea consacrat\u0103, te sprijinim s\u0103 identifici loca\u021bia potrivit\u0103 pentru cre\u0219tere.                <\/div>\r\n                                <\/div>\r\n        <!-- End of default title style -->\r\n\r\n    <\/div>\r\n\t\t\t\t<\/div>\n\t\t\t\t<\/div>\n\t\t\t\t<div class=\"elementor-element elementor-element-8046419 elementor-widget elementor-widget-creote-moving-image-v1\" data-id=\"8046419\" data-element_type=\"widget\" data-widget_type=\"creote-moving-image-v1.default\">\n\t\t\t\t<div class=\"elementor-widget-container\">\n\t\t\t\t\t <div class=\"move_image_absolute\">  <img decoding=\"async\" src=\"https:\/\/4biz.properties\/ro\/wp-content\/uploads\/2025\/06\/4Biz-1.png\" class=\"class-fluid\" alt=\"image\" \/> <\/div> \r\n\t\t\t\t<\/div>\n\t\t\t\t<\/div>\n\t\t\t\t\t<\/div>\n\t\t\t\t<\/div>\n\t\t<div class=\"elementor-element elementor-element-654be76f e-flex e-con-boxed e-con e-parent\" data-id=\"654be76f\" data-element_type=\"container\" data-settings=\"{&quot;_ha_eqh_enable&quot;:false}\">\n\t\t\t\t\t<div class=\"e-con-inner\">\n\t\t\t\t\t<\/div>\n\t\t\t\t<\/div>\n\t\t<div class=\"elementor-element elementor-element-b79026b e-flex e-con-boxed e-con e-parent\" data-id=\"b79026b\" data-element_type=\"container\" data-settings=\"{&quot;_ha_eqh_enable&quot;:false}\">\n\t\t\t\t\t<div class=\"e-con-inner\">\n\t\t\t\t<div class=\"elementor-element elementor-element-5f87c96 elementor-widget elementor-widget-creote-title-v1\" data-id=\"5f87c96\" data-element_type=\"widget\" data-widget_type=\"creote-title-v1.default\">\n\t\t\t\t<div class=\"elementor-widget-container\">\n\t\t\t\t\t<div class=\"title_all_box style_one dark_color\">\r\n            <!-- Default title style -->\r\n        <div class=\"title_sections left\">\r\n                                        <div class=\"title\">\r\n                    Colabor\u0103m cu:                <\/div>\r\n                                <\/div>\r\n        <!-- End of default title style -->\r\n\r\n    <\/div>\r\n\t\t\t\t<\/div>\n\t\t\t\t<\/div>\n\t\t\t\t\t<\/div>\n\t\t\t\t<\/div>\n\t\t<div class=\"elementor-element elementor-element-53ea5ac e-flex e-con-boxed e-con e-parent\" data-id=\"53ea5ac\" data-element_type=\"container\" data-settings=\"{&quot;_ha_eqh_enable&quot;:false}\">\n\t\t\t\t\t<div class=\"e-con-inner\">\n\t\t\t\t<div class=\"elementor-element elementor-element-3c54020 elementor-widget elementor-widget-creote-title-v1\" data-id=\"3c54020\" data-element_type=\"widget\" data-widget_type=\"creote-title-v1.default\">\n\t\t\t\t<div class=\"elementor-widget-container\">\n\t\t\t\t\t<div class=\"title_all_box style_one dark_color\">\r\n            <!-- Default title style -->\r\n        <div class=\"title_sections left\">\r\n                                        <div class=\"title\">\r\n                    <li>Retaileri \u0219i branduri care intr\u0103 pe pia\u021b\u0103 sau se extind la nivel na\u021bional\n\n<li>Proprietari \u0219i dezvoltatori de centre comerciale, retail parks \u0219i proiecte mixte\n\n<li>Investitori interesa\u021bi de active comerciale generatoare de venituri stabile\n\n<li>Proprietari care doresc repozi\u021bionarea sau \u00eenchirierea spa\u021biilor comerciale existente                <\/div>\r\n                                <\/div>\r\n        <!-- End of default title style -->\r\n\r\n    <\/div>\r\n\t\t\t\t<\/div>\n\t\t\t\t<\/div>\n\t\t\t\t\t<\/div>\n\t\t\t\t<\/div>\n\t\t<div class=\"elementor-element elementor-element-d0ec78e e-flex e-con-boxed e-con e-parent\" data-id=\"d0ec78e\" data-element_type=\"container\" data-settings=\"{&quot;_ha_eqh_enable&quot;:false}\">\n\t\t\t\t\t<div class=\"e-con-inner\">\n\t\t\t\t<div class=\"elementor-element elementor-element-860aeed elementor-widget elementor-widget-creote-title-v1\" data-id=\"860aeed\" data-element_type=\"widget\" data-widget_type=\"creote-title-v1.default\">\n\t\t\t\t<div class=\"elementor-widget-container\">\n\t\t\t\t\t<div class=\"title_all_box style_one dark_color\">\r\n            <!-- Default title style -->\r\n        <div class=\"title_sections left\">\r\n                                        <div class=\"title\">\r\n                    Serviciile noastre includ:                <\/div>\r\n                                <\/div>\r\n        <!-- End of default title style -->\r\n\r\n    <\/div>\r\n\t\t\t\t<\/div>\n\t\t\t\t<\/div>\n\t\t\t\t\t<\/div>\n\t\t\t\t<\/div>\n\t\t<div class=\"elementor-element elementor-element-1133d85 e-flex e-con-boxed e-con e-parent\" data-id=\"1133d85\" data-element_type=\"container\" data-settings=\"{&quot;_ha_eqh_enable&quot;:false}\">\n\t\t\t\t\t<div class=\"e-con-inner\">\n\t\t\t\t<div class=\"elementor-element elementor-element-6c07445 elementor-widget elementor-widget-creote-title-v1\" data-id=\"6c07445\" data-element_type=\"widget\" data-widget_type=\"creote-title-v1.default\">\n\t\t\t\t<div class=\"elementor-widget-container\">\n\t\t\t\t\t<div class=\"title_all_box style_one dark_color\">\r\n            <!-- Default title style -->\r\n        <div class=\"title_sections left\">\r\n                                        <div class=\"title\">\r\n                    <li>\u00cenchiriere de spa\u021bii comerciale \u0219i strategii de mix de chiria\u0219i\n\n<li>Reprezentare pentru high street, centre comerciale \u0219i retail parks\n\n<li>Planificare de intrare pe pia\u021b\u0103 \u0219i expansiune pentru branduri\n\n<li>Consultan\u021b\u0103 pentru proiecte de retail noi \u0219i repozi\u021bion\u0103ri\n\n<li>Identificarea de terenuri pentru dezvolt\u0103ri cu component\u0103 comercial\u0103\n\n<li>Tranzac\u021bii de v\u00e2nzare \u0219i achizi\u021bie \u00een sectorul retail                <\/div>\r\n                                <\/div>\r\n        <!-- End of default title style -->\r\n\r\n    <\/div>\r\n\t\t\t\t<\/div>\n\t\t\t\t<\/div>\n\t\t\t\t\t<\/div>\n\t\t\t\t<\/div>\n\t\t<div class=\"elementor-element elementor-element-a9a24f8 e-flex e-con-boxed e-con e-parent\" data-id=\"a9a24f8\" data-element_type=\"container\" data-settings=\"{&quot;_ha_eqh_enable&quot;:false}\">\n\t\t\t\t\t<div class=\"e-con-inner\">\n\t\t\t\t<div class=\"elementor-element elementor-element-b7aff4a elementor-widget elementor-widget-creote-title-v1\" data-id=\"b7aff4a\" data-element_type=\"widget\" data-widget_type=\"creote-title-v1.default\">\n\t\t\t\t<div class=\"elementor-widget-container\">\n\t\t\t\t\t<div class=\"title_all_box style_one dark_color\">\r\n            <!-- Default title style -->\r\n        <div class=\"title_sections left\">\r\n                                        <div class=\"title\">\r\n                    De la zone urbane cu trafic intens la pie\u021be emergente, ajut\u0103m clien\u021bii s\u0103-\u0219i maximizeze valoarea \u0219i acoperirea c\u0103tre consumatori prin decizii informate, sus\u021binute de date \u0219i cunoa\u0219tere local\u0103.                <\/div>\r\n                                <\/div>\r\n        <!-- End of default title style -->\r\n\r\n    <\/div>\r\n\t\t\t\t<\/div>\n\t\t\t\t<\/div>\n\t\t\t\t\t<\/div>\n\t\t\t\t<\/div>\n\t\t<div class=\"elementor-element elementor-element-46c41e1d e-flex e-con-boxed e-con e-parent\" data-id=\"46c41e1d\" data-element_type=\"container\" data-settings=\"{&quot;_ha_eqh_enable&quot;:false}\">\n\t\t\t\t\t<div class=\"e-con-inner\">\n\t\t\t\t<div data-ha-element-link=\"{&quot;url&quot;:&quot;https:\\\/\\\/4biz.properties\\\/ro\\\/services\\\/&quot;,&quot;is_external&quot;:&quot;&quot;,&quot;nofollow&quot;:&quot;&quot;}\" style=\"cursor: pointer\" class=\"elementor-element elementor-element-30472b4a elementor-widget elementor-widget-creote-title-v1\" data-id=\"30472b4a\" data-element_type=\"widget\" data-widget_type=\"creote-title-v1.default\">\n\t\t\t\t<div class=\"elementor-widget-container\">\n\t\t\t\t\t<div class=\"title_all_box style_one dark_color\">\r\n            <!-- Default title style -->\r\n        <div class=\"title_sections left\">\r\n                                        <div class=\"title\">\r\n                    Pentru o imagine complet\u0103 a modului \u00een care sprijinim expansiunea \u0219i investi\u021biile \u00een retail, exploreaz\u0103 gama noastr\u0103 complet\u0103 de <b>servicii de consultan\u021b\u0103 imobiliar\u0103 comercial\u0103.<\/b>                <\/div>\r\n                                <\/div>\r\n        <!-- End of default title style -->\r\n\r\n    <\/div>\r\n\t\t\t\t<\/div>\n\t\t\t\t<\/div>\n\t\t\t\t\t<\/div>\n\t\t\t\t<\/div>\n\t\t\t\t<\/div>\n\t\t","protected":false},"excerpt":{"rendered":"<p>RETAIL Extinde-\u021bi prezen\u021ba \u00een retail cu \u00eencredere. Valorific\u0103m poten\u021bialul fiec\u0103rei loca\u021bii comerciale Conect\u0103m branduri de retail, investitori \u0219i proprietari cu spa\u021bii strategice care genereaz\u0103 vizibilitate, trafic \u0219i performan\u021b\u0103 sustenabil\u0103. Indiferent dac\u0103 lansezi un concept nou sau extinzi o re\u021bea consacrat\u0103, te sprijinim s\u0103 identifici loca\u021bia potrivit\u0103 pentru cre\u0219tere. Colabor\u0103m cu: Retaileri \u0219i branduri care intr\u0103 [&hellip;]<\/p>\n","protected":false},"author":1,"featured_media":6969,"parent":0,"menu_order":0,"comment_status":"closed","ping_status":"closed","template":"","meta":{"_joinchat":[],"footnotes":""},"class_list":["post-7636","page","type-page","status-publish","has-post-thumbnail","hentry"],"yoast_head":"<!-- This site is optimized with the Yoast SEO Premium plugin v24.9 (Yoast SEO v24.9) - https:\/\/yoast.com\/wordpress\/plugins\/seo\/ -->\n<title>Retail | 4Biz Properties<\/title>\n<meta name=\"description\" content=\"Connecting retailers and investors with prime retail locations and opportunities\" \/>\n<meta name=\"robots\" content=\"index, follow, max-snippet:-1, max-image-preview:large, max-video-preview:-1\" \/>\n<link rel=\"canonical\" href=\"https:\/\/4biz.properties\/ro\/retail\/\" \/>\n<meta property=\"og:locale\" content=\"ro_RO\" \/>\n<meta property=\"og:type\" content=\"article\" \/>\n<meta property=\"og:title\" content=\"Retail | 4Biz Properties\" \/>\n<meta property=\"og:description\" content=\"Connecting retailers and investors with prime retail locations and opportunities\" \/>\n<meta property=\"og:url\" content=\"https:\/\/4biz.properties\/ro\/retail\/\" \/>\n<meta property=\"og:site_name\" content=\"4Biz Properties\" \/>\n<meta property=\"article:modified_time\" content=\"2025-06-25T08:28:23+00:00\" \/>\n<meta property=\"og:image\" content=\"https:\/\/4biz.properties\/ro\/wp-content\/uploads\/2025\/06\/spatiicomerciale.jpg\" \/>\n\t<meta property=\"og:image:width\" content=\"400\" \/>\n\t<meta property=\"og:image:height\" content=\"400\" \/>\n\t<meta property=\"og:image:type\" content=\"image\/jpeg\" \/>\n<meta name=\"twitter:card\" content=\"summary_large_image\" \/>\n<meta name=\"twitter:title\" content=\"Retail\" \/>\n<meta name=\"twitter:label1\" content=\"Timp estimat pentru citire\" \/>\n\t<meta name=\"twitter:data1\" content=\"2 minute\" \/>\n<script type=\"application\/ld+json\" class=\"yoast-schema-graph\">{\"@context\":\"https:\/\/schema.org\",\"@graph\":[{\"@type\":\"WebPage\",\"@id\":\"https:\/\/4biz.properties\/ro\/retail\/\",\"url\":\"https:\/\/4biz.properties\/ro\/retail\/\",\"name\":\"Retail | 4Biz Properties\",\"isPartOf\":{\"@id\":\"https:\/\/4biz.properties\/ro\/#website\"},\"primaryImageOfPage\":{\"@id\":\"https:\/\/4biz.properties\/ro\/retail\/#primaryimage\"},\"image\":{\"@id\":\"https:\/\/4biz.properties\/ro\/retail\/#primaryimage\"},\"thumbnailUrl\":\"https:\/\/4biz.properties\/ro\/wp-content\/uploads\/2025\/06\/spatiicomerciale.jpg\",\"datePublished\":\"2025-06-23T10:26:50+00:00\",\"dateModified\":\"2025-06-25T08:28:23+00:00\",\"description\":\"Connecting retailers and investors with prime retail locations and opportunities\",\"breadcrumb\":{\"@id\":\"https:\/\/4biz.properties\/ro\/retail\/#breadcrumb\"},\"inLanguage\":\"ro-RO\",\"potentialAction\":[{\"@type\":\"ReadAction\",\"target\":[\"https:\/\/4biz.properties\/ro\/retail\/\"]}]},{\"@type\":\"ImageObject\",\"inLanguage\":\"ro-RO\",\"@id\":\"https:\/\/4biz.properties\/ro\/retail\/#primaryimage\",\"url\":\"https:\/\/4biz.properties\/ro\/wp-content\/uploads\/2025\/06\/spatiicomerciale.jpg\",\"contentUrl\":\"https:\/\/4biz.properties\/ro\/wp-content\/uploads\/2025\/06\/spatiicomerciale.jpg\",\"width\":400,\"height\":400},{\"@type\":\"BreadcrumbList\",\"@id\":\"https:\/\/4biz.properties\/ro\/retail\/#breadcrumb\",\"itemListElement\":[{\"@type\":\"ListItem\",\"position\":1,\"name\":\"Home\",\"item\":\"https:\/\/4biz.properties\/ro\/\"},{\"@type\":\"ListItem\",\"position\":2,\"name\":\"Retail\"}]},{\"@type\":\"WebSite\",\"@id\":\"https:\/\/4biz.properties\/ro\/#website\",\"url\":\"https:\/\/4biz.properties\/ro\/\",\"name\":\"4Biz Properties\",\"description\":\"Commercial Real Estate | 4Biz Properties\",\"publisher\":{\"@id\":\"https:\/\/4biz.properties\/ro\/#organization\"},\"alternateName\":\"4Biz Properties\",\"potentialAction\":[{\"@type\":\"SearchAction\",\"target\":{\"@type\":\"EntryPoint\",\"urlTemplate\":\"https:\/\/4biz.properties\/ro\/?s={search_term_string}\"},\"query-input\":{\"@type\":\"PropertyValueSpecification\",\"valueRequired\":true,\"valueName\":\"search_term_string\"}}],\"inLanguage\":\"ro-RO\"},{\"@type\":\"Organization\",\"@id\":\"https:\/\/4biz.properties\/ro\/#organization\",\"name\":\"4Biz Properties\",\"alternateName\":\"4Biz Properties\",\"url\":\"https:\/\/4biz.properties\/ro\/\",\"logo\":{\"@type\":\"ImageObject\",\"inLanguage\":\"ro-RO\",\"@id\":\"https:\/\/4biz.properties\/ro\/#\/schema\/logo\/image\/\",\"url\":\"https:\/\/4biz.properties\/ro\/wp-content\/uploads\/2025\/05\/4Biz-Properties.jpg\",\"contentUrl\":\"https:\/\/4biz.properties\/ro\/wp-content\/uploads\/2025\/05\/4Biz-Properties.jpg\",\"width\":780,\"height\":780,\"caption\":\"4Biz Properties\"},\"image\":{\"@id\":\"https:\/\/4biz.properties\/ro\/#\/schema\/logo\/image\/\"}}]}<\/script>\n<!-- \/ Yoast SEO Premium plugin. -->","yoast_head_json":{"title":"Retail | 4Biz Properties","description":"Connecting retailers and investors with prime retail locations and opportunities","robots":{"index":"index","follow":"follow","max-snippet":"max-snippet:-1","max-image-preview":"max-image-preview:large","max-video-preview":"max-video-preview:-1"},"canonical":"https:\/\/4biz.properties\/ro\/retail\/","og_locale":"ro_RO","og_type":"article","og_title":"Retail | 4Biz Properties","og_description":"Connecting retailers and investors with prime retail locations and opportunities","og_url":"https:\/\/4biz.properties\/ro\/retail\/","og_site_name":"4Biz Properties","article_modified_time":"2025-06-25T08:28:23+00:00","og_image":[{"width":400,"height":400,"url":"https:\/\/4biz.properties\/ro\/wp-content\/uploads\/2025\/06\/spatiicomerciale.jpg","type":"image\/jpeg"}],"twitter_card":"summary_large_image","twitter_title":"Retail","twitter_misc":{"Timp estimat pentru citire":"2 minute"},"schema":{"@context":"https:\/\/schema.org","@graph":[{"@type":"WebPage","@id":"https:\/\/4biz.properties\/ro\/retail\/","url":"https:\/\/4biz.properties\/ro\/retail\/","name":"Retail | 4Biz Properties","isPartOf":{"@id":"https:\/\/4biz.properties\/ro\/#website"},"primaryImageOfPage":{"@id":"https:\/\/4biz.properties\/ro\/retail\/#primaryimage"},"image":{"@id":"https:\/\/4biz.properties\/ro\/retail\/#primaryimage"},"thumbnailUrl":"https:\/\/4biz.properties\/ro\/wp-content\/uploads\/2025\/06\/spatiicomerciale.jpg","datePublished":"2025-06-23T10:26:50+00:00","dateModified":"2025-06-25T08:28:23+00:00","description":"Connecting retailers and investors with prime retail locations and opportunities","breadcrumb":{"@id":"https:\/\/4biz.properties\/ro\/retail\/#breadcrumb"},"inLanguage":"ro-RO","potentialAction":[{"@type":"ReadAction","target":["https:\/\/4biz.properties\/ro\/retail\/"]}]},{"@type":"ImageObject","inLanguage":"ro-RO","@id":"https:\/\/4biz.properties\/ro\/retail\/#primaryimage","url":"https:\/\/4biz.properties\/ro\/wp-content\/uploads\/2025\/06\/spatiicomerciale.jpg","contentUrl":"https:\/\/4biz.properties\/ro\/wp-content\/uploads\/2025\/06\/spatiicomerciale.jpg","width":400,"height":400},{"@type":"BreadcrumbList","@id":"https:\/\/4biz.properties\/ro\/retail\/#breadcrumb","itemListElement":[{"@type":"ListItem","position":1,"name":"Home","item":"https:\/\/4biz.properties\/ro\/"},{"@type":"ListItem","position":2,"name":"Retail"}]},{"@type":"WebSite","@id":"https:\/\/4biz.properties\/ro\/#website","url":"https:\/\/4biz.properties\/ro\/","name":"4Biz Properties","description":"Commercial Real Estate | 4Biz Properties","publisher":{"@id":"https:\/\/4biz.properties\/ro\/#organization"},"alternateName":"4Biz Properties","potentialAction":[{"@type":"SearchAction","target":{"@type":"EntryPoint","urlTemplate":"https:\/\/4biz.properties\/ro\/?s={search_term_string}"},"query-input":{"@type":"PropertyValueSpecification","valueRequired":true,"valueName":"search_term_string"}}],"inLanguage":"ro-RO"},{"@type":"Organization","@id":"https:\/\/4biz.properties\/ro\/#organization","name":"4Biz Properties","alternateName":"4Biz Properties","url":"https:\/\/4biz.properties\/ro\/","logo":{"@type":"ImageObject","inLanguage":"ro-RO","@id":"https:\/\/4biz.properties\/ro\/#\/schema\/logo\/image\/","url":"https:\/\/4biz.properties\/ro\/wp-content\/uploads\/2025\/05\/4Biz-Properties.jpg","contentUrl":"https:\/\/4biz.properties\/ro\/wp-content\/uploads\/2025\/05\/4Biz-Properties.jpg","width":780,"height":780,"caption":"4Biz Properties"},"image":{"@id":"https:\/\/4biz.properties\/ro\/#\/schema\/logo\/image\/"}}]}},"_links":{"self":[{"href":"https:\/\/4biz.properties\/ro\/wp-json\/wp\/v2\/pages\/7636","targetHints":{"allow":["GET"]}}],"collection":[{"href":"https:\/\/4biz.properties\/ro\/wp-json\/wp\/v2\/pages"}],"about":[{"href":"https:\/\/4biz.properties\/ro\/wp-json\/wp\/v2\/types\/page"}],"author":[{"embeddable":true,"href":"https:\/\/4biz.properties\/ro\/wp-json\/wp\/v2\/users\/1"}],"replies":[{"embeddable":true,"href":"https:\/\/4biz.properties\/ro\/wp-json\/wp\/v2\/comments?post=7636"}],"version-history":[{"count":14,"href":"https:\/\/4biz.properties\/ro\/wp-json\/wp\/v2\/pages\/7636\/revisions"}],"predecessor-version":[{"id":7944,"href":"https:\/\/4biz.properties\/ro\/wp-json\/wp\/v2\/pages\/7636\/revisions\/7944"}],"wp:featuredmedia":[{"embeddable":true,"href":"https:\/\/4biz.properties\/ro\/wp-json\/wp\/v2\/media\/6969"}],"wp:attachment":[{"href":"https:\/\/4biz.properties\/ro\/wp-json\/wp\/v2\/media?parent=7636"}],"curies":[{"name":"wp","href":"https:\/\/api.w.org\/{rel}","templated":true}]}}