{"id":7645,"date":"2025-06-23T10:37:55","date_gmt":"2025-06-23T10:37:55","guid":{"rendered":"https:\/\/4biz.properties\/?page_id=7645"},"modified":"2025-06-25T08:35:15","modified_gmt":"2025-06-25T08:35:15","slug":"industrial-logistics","status":"publish","type":"page","link":"https:\/\/4biz.properties\/ro\/industrial-logistics\/","title":{"rendered":"Industrial &#038; Logistics"},"content":{"rendered":"\t\t<div data-elementor-type=\"wp-page\" data-elementor-id=\"7645\" class=\"elementor elementor-7645\" data-elementor-settings=\"{&quot;ha_cmc_init_switcher&quot;:&quot;no&quot;}\">\n\t\t\t\t<div class=\"elementor-element elementor-element-3a9dc5c6 e-flex e-con-boxed e-con e-parent\" data-id=\"3a9dc5c6\" data-element_type=\"container\" data-settings=\"{&quot;background_background&quot;:&quot;classic&quot;,&quot;_ha_eqh_enable&quot;:false}\">\n\t\t\t\t\t<div class=\"e-con-inner\">\n\t\t<div class=\"elementor-element elementor-element-64401c7d e-con-full e-flex e-con e-child\" data-id=\"64401c7d\" data-element_type=\"container\" data-settings=\"{&quot;_ha_eqh_enable&quot;:false}\">\n\t\t\t\t<div class=\"elementor-element elementor-element-763fd1c0 elementor-widget elementor-widget-creote-title-v1\" data-id=\"763fd1c0\" data-element_type=\"widget\" data-widget_type=\"creote-title-v1.default\">\n\t\t\t\t<div class=\"elementor-widget-container\">\n\t\t\t\t\t<div class=\"title_all_box style_one dark_color\">\r\n            <!-- Default title style -->\r\n        <div class=\"title_sections left\">\r\n                                        <div class=\"title\">\r\n                    INDUSTRIAL &amp; LOGISTIC\u0102                <\/div>\r\n                                <\/div>\r\n        <!-- End of default title style -->\r\n\r\n    <\/div>\r\n\t\t\t\t<\/div>\n\t\t\t\t<\/div>\n\t\t\t\t<\/div>\n\t\t<div class=\"elementor-element elementor-element-220ee3a9 e-con-full e-flex e-con e-child\" data-id=\"220ee3a9\" data-element_type=\"container\" data-settings=\"{&quot;_ha_eqh_enable&quot;:false}\">\n\t\t\t\t<div class=\"elementor-element elementor-element-7553eba8 elementor-widget elementor-widget-creote-title-v1\" data-id=\"7553eba8\" data-element_type=\"widget\" data-widget_type=\"creote-title-v1.default\">\n\t\t\t\t<div class=\"elementor-widget-container\">\n\t\t\t\t\t<div class=\"title_all_box style_one dark_color\">\r\n            <!-- Default title style -->\r\n        <div class=\"title_sections left\">\r\n                                        <div class=\"title\">\r\n                    Solu\u021bii industriale aliniate obiectivelor de cre\u0219tere.                <\/div>\r\n                                <\/div>\r\n        <!-- End of default title style -->\r\n\r\n    <\/div>\r\n\t\t\t\t<\/div>\n\t\t\t\t<\/div>\n\t\t\t\t<\/div>\n\t\t\t\t\t<\/div>\n\t\t\t\t<\/div>\n\t\t<div class=\"elementor-element elementor-element-1998e2cd e-flex e-con-boxed e-con e-parent\" data-id=\"1998e2cd\" data-element_type=\"container\" data-settings=\"{&quot;_ha_eqh_enable&quot;:false}\">\n\t\t\t\t\t<div class=\"e-con-inner\">\n\t\t\t\t<div class=\"elementor-element elementor-element-442d612b elementor-widget elementor-widget-creote-title-v1\" data-id=\"442d612b\" data-element_type=\"widget\" data-widget_type=\"creote-title-v1.default\">\n\t\t\t\t<div class=\"elementor-widget-container\">\n\t\t\t\t\t<div class=\"title_all_box style_one dark_color\">\r\n            <!-- Default title style -->\r\n        <div class=\"title_sections left\">\r\n                                        <div class=\"title\">\r\n                    Dezvoltare opera\u021bional\u0103 accelerat\u0103 prin loca\u021bii strategice                <\/div>\r\n                                <\/div>\r\n        <!-- End of default title style -->\r\n\r\n    <\/div>\r\n\t\t\t\t<\/div>\n\t\t\t\t<\/div>\n\t\t\t\t\t<\/div>\n\t\t\t\t<\/div>\n\t\t<div class=\"elementor-element elementor-element-327ff29 e-grid e-con-boxed e-con e-parent\" data-id=\"327ff29\" data-element_type=\"container\" data-settings=\"{&quot;_ha_eqh_enable&quot;:false}\">\n\t\t\t\t\t<div class=\"e-con-inner\">\n\t\t\t\t<div class=\"elementor-element elementor-element-6fa73914 elementor-widget elementor-widget-creote-title-v1\" data-id=\"6fa73914\" data-element_type=\"widget\" data-widget_type=\"creote-title-v1.default\">\n\t\t\t\t<div class=\"elementor-widget-container\">\n\t\t\t\t\t<div class=\"title_all_box style_one dark_color\">\r\n            <!-- Default title style -->\r\n        <div class=\"title_sections left\">\r\n                                        <div class=\"title\">\r\n                    Sprijinim companii, dezvoltatori \u0219i investitori s\u0103 navigheze pia\u021ba imobiliar\u0103 industrial\u0103 \u0219i logistic\u0103 din Rom\u00e2nia. De la huburi last-mile la centre de distribu\u021bie de mari dimensiuni, expertiza noastr\u0103 acoper\u0103 fiecare etap\u0103 a procesului de \u00eenchiriere, achizi\u021bie sau dezvoltare.                <\/div>\r\n                                <\/div>\r\n        <!-- End of default title style -->\r\n\r\n    <\/div>\r\n\t\t\t\t<\/div>\n\t\t\t\t<\/div>\n\t\t\t\t<div class=\"elementor-element elementor-element-8046419 elementor-widget elementor-widget-creote-moving-image-v1\" data-id=\"8046419\" data-element_type=\"widget\" data-widget_type=\"creote-moving-image-v1.default\">\n\t\t\t\t<div class=\"elementor-widget-container\">\n\t\t\t\t\t <div class=\"move_image_absolute\">  <img decoding=\"async\" src=\"https:\/\/4biz.properties\/ro\/wp-content\/uploads\/2025\/06\/4Biz-1.png\" class=\"class-fluid\" alt=\"image\" \/> <\/div> \r\n\t\t\t\t<\/div>\n\t\t\t\t<\/div>\n\t\t\t\t\t<\/div>\n\t\t\t\t<\/div>\n\t\t<div class=\"elementor-element elementor-element-654be76f e-flex e-con-boxed e-con e-parent\" data-id=\"654be76f\" data-element_type=\"container\" data-settings=\"{&quot;_ha_eqh_enable&quot;:false}\">\n\t\t\t\t\t<div class=\"e-con-inner\">\n\t\t\t\t\t<\/div>\n\t\t\t\t<\/div>\n\t\t<div class=\"elementor-element elementor-element-b79026b e-flex e-con-boxed e-con e-parent\" data-id=\"b79026b\" data-element_type=\"container\" data-settings=\"{&quot;_ha_eqh_enable&quot;:false}\">\n\t\t\t\t\t<div class=\"e-con-inner\">\n\t\t\t\t<div class=\"elementor-element elementor-element-5f87c96 elementor-widget elementor-widget-creote-title-v1\" data-id=\"5f87c96\" data-element_type=\"widget\" data-widget_type=\"creote-title-v1.default\">\n\t\t\t\t<div class=\"elementor-widget-container\">\n\t\t\t\t\t<div class=\"title_all_box style_one dark_color\">\r\n            <!-- Default title style -->\r\n        <div class=\"title_sections left\">\r\n                                        <div class=\"title\">\r\n                    Colabor\u0103m cu:                <\/div>\r\n                                <\/div>\r\n        <!-- End of default title style -->\r\n\r\n    <\/div>\r\n\t\t\t\t<\/div>\n\t\t\t\t<\/div>\n\t\t\t\t\t<\/div>\n\t\t\t\t<\/div>\n\t\t<div class=\"elementor-element elementor-element-53ea5ac e-flex e-con-boxed e-con e-parent\" data-id=\"53ea5ac\" data-element_type=\"container\" data-settings=\"{&quot;_ha_eqh_enable&quot;:false}\">\n\t\t\t\t\t<div class=\"e-con-inner\">\n\t\t\t\t<div class=\"elementor-element elementor-element-3c54020 elementor-widget elementor-widget-creote-title-v1\" data-id=\"3c54020\" data-element_type=\"widget\" data-widget_type=\"creote-title-v1.default\">\n\t\t\t\t<div class=\"elementor-widget-container\">\n\t\t\t\t\t<div class=\"title_all_box style_one dark_color\">\r\n            <!-- Default title style -->\r\n        <div class=\"title_sections left\">\r\n                                        <div class=\"title\">\r\n                    <li>Companii de logistic\u0103 \u0219i e-commerce care \u00ee\u0219i extind re\u021beaua de depozite\n\n<li>Produc\u0103tori \u0219i distribuitori care au nevoie de spa\u021bii de produc\u021bie sau depozitare\n\n<li>Dezvoltatori de parcuri logistice sau proiecte build-to-suit\n\n<li>Investitori interesa\u021bi de active industriale generatoare de venit\n\n<li>Proprietari de terenuri industriale care urm\u0103resc repozi\u021bionarea sau v\u00e2nzarea acestora                <\/div>\r\n                                <\/div>\r\n        <!-- End of default title style -->\r\n\r\n    <\/div>\r\n\t\t\t\t<\/div>\n\t\t\t\t<\/div>\n\t\t\t\t\t<\/div>\n\t\t\t\t<\/div>\n\t\t<div class=\"elementor-element elementor-element-d0ec78e e-flex e-con-boxed e-con e-parent\" data-id=\"d0ec78e\" data-element_type=\"container\" data-settings=\"{&quot;_ha_eqh_enable&quot;:false}\">\n\t\t\t\t\t<div class=\"e-con-inner\">\n\t\t\t\t<div class=\"elementor-element elementor-element-860aeed elementor-widget elementor-widget-creote-title-v1\" data-id=\"860aeed\" data-element_type=\"widget\" data-widget_type=\"creote-title-v1.default\">\n\t\t\t\t<div class=\"elementor-widget-container\">\n\t\t\t\t\t<div class=\"title_all_box style_one dark_color\">\r\n            <!-- Default title style -->\r\n        <div class=\"title_sections left\">\r\n                                        <div class=\"title\">\r\n                    Serviciile noastre includ:                <\/div>\r\n                                <\/div>\r\n        <!-- End of default title style -->\r\n\r\n    <\/div>\r\n\t\t\t\t<\/div>\n\t\t\t\t<\/div>\n\t\t\t\t\t<\/div>\n\t\t\t\t<\/div>\n\t\t<div class=\"elementor-element elementor-element-1133d85 e-flex e-con-boxed e-con e-parent\" data-id=\"1133d85\" data-element_type=\"container\" data-settings=\"{&quot;_ha_eqh_enable&quot;:false}\">\n\t\t\t\t\t<div class=\"e-con-inner\">\n\t\t\t\t<div class=\"elementor-element elementor-element-6c07445 elementor-widget elementor-widget-creote-title-v1\" data-id=\"6c07445\" data-element_type=\"widget\" data-widget_type=\"creote-title-v1.default\">\n\t\t\t\t<div class=\"elementor-widget-container\">\n\t\t\t\t\t<div class=\"title_all_box style_one dark_color\">\r\n            <!-- Default title style -->\r\n        <div class=\"title_sections left\">\r\n                                        <div class=\"title\">\r\n                    <li>Consultan\u021b\u0103 pentru selec\u021bia loca\u021biei \u0219i sprijin \u00een procesul de achizi\u021bie\n\n<li>\u00cenchirierea de depozite, cross-docks \u0219i spa\u021bii de produc\u021bie\n\n<li>Asisten\u021b\u0103 \u00een proiecte build-to-suit \u0219i coordonare tehnic\u0103\n\n<li>Cercetare de pia\u021b\u0103 \u0219i analiz\u0103 a tendin\u021belor din sectorul industrial\n\n<li>Consultan\u021b\u0103 pentru investi\u021bii \u0219i suport \u00een tranzac\u021bii\n\n<li>Identificarea terenurilor \u0219i strategie de dezvoltare                <\/div>\r\n                                <\/div>\r\n        <!-- End of default title style -->\r\n\r\n    <\/div>\r\n\t\t\t\t<\/div>\n\t\t\t\t<\/div>\n\t\t\t\t\t<\/div>\n\t\t\t\t<\/div>\n\t\t<div class=\"elementor-element elementor-element-a9a24f8 e-flex e-con-boxed e-con e-parent\" data-id=\"a9a24f8\" data-element_type=\"container\" data-settings=\"{&quot;_ha_eqh_enable&quot;:false}\">\n\t\t\t\t\t<div class=\"e-con-inner\">\n\t\t\t\t<div class=\"elementor-element elementor-element-b7aff4a elementor-widget elementor-widget-creote-title-v1\" data-id=\"b7aff4a\" data-element_type=\"widget\" data-widget_type=\"creote-title-v1.default\">\n\t\t\t\t<div class=\"elementor-widget-container\">\n\t\t\t\t\t<div class=\"title_all_box style_one dark_color\">\r\n            <!-- Default title style -->\r\n        <div class=\"title_sections left\">\r\n                                        <div class=\"title\">\r\n                    La nivel na\u021bional, livr\u0103m solu\u021bii personalizate care r\u0103spund cerin\u021belor lan\u021burilor de aprovizionare \u0219i obiectivelor de cre\u0219tere pe termen lung.                <\/div>\r\n                                <\/div>\r\n        <!-- End of default title style -->\r\n\r\n    <\/div>\r\n\t\t\t\t<\/div>\n\t\t\t\t<\/div>\n\t\t\t\t\t<\/div>\n\t\t\t\t<\/div>\n\t\t<div class=\"elementor-element elementor-element-4de8f3e0 e-flex e-con-boxed e-con e-parent\" data-id=\"4de8f3e0\" data-element_type=\"container\" data-settings=\"{&quot;_ha_eqh_enable&quot;:false}\">\n\t\t\t\t\t<div class=\"e-con-inner\">\n\t\t\t\t<div data-ha-element-link=\"{&quot;url&quot;:&quot;https:\\\/\\\/4biz.properties\\\/ro\\\/services\\\/&quot;,&quot;is_external&quot;:&quot;&quot;,&quot;nofollow&quot;:&quot;&quot;}\" style=\"cursor: pointer\" class=\"elementor-element elementor-element-4614b555 elementor-widget elementor-widget-creote-title-v1\" data-id=\"4614b555\" data-element_type=\"widget\" data-widget_type=\"creote-title-v1.default\">\n\t\t\t\t<div class=\"elementor-widget-container\">\n\t\t\t\t\t<div class=\"title_all_box style_one dark_color\">\r\n            <!-- Default title style -->\r\n        <div class=\"title_sections left\">\r\n                                        <div class=\"title\">\r\n                    Pentru o imagine complet\u0103 a modului \u00een care sus\u021binem nevoile din logistic\u0103, produc\u021bie \u0219i investi\u021bii, exploreaz\u0103 gama noastr\u0103 complet\u0103 de <b><u>servicii imobiliare comerciale<\/b><\/u>.                <\/div>\r\n                                <\/div>\r\n        <!-- End of default title style -->\r\n\r\n    <\/div>\r\n\t\t\t\t<\/div>\n\t\t\t\t<\/div>\n\t\t\t\t\t<\/div>\n\t\t\t\t<\/div>\n\t\t\t\t<\/div>\n\t\t","protected":false},"excerpt":{"rendered":"<p>INDUSTRIAL &amp; LOGISTIC\u0102 Solu\u021bii industriale aliniate obiectivelor de cre\u0219tere. Dezvoltare opera\u021bional\u0103 accelerat\u0103 prin loca\u021bii strategice Sprijinim companii, dezvoltatori \u0219i investitori s\u0103 navigheze pia\u021ba imobiliar\u0103 industrial\u0103 \u0219i logistic\u0103 din Rom\u00e2nia. De la huburi last-mile la centre de distribu\u021bie de mari dimensiuni, expertiza noastr\u0103 acoper\u0103 fiecare etap\u0103 a procesului de \u00eenchiriere, achizi\u021bie sau dezvoltare. Colabor\u0103m cu: Companii [&hellip;]<\/p>\n","protected":false},"author":1,"featured_media":6998,"parent":0,"menu_order":0,"comment_status":"closed","ping_status":"closed","template":"","meta":{"_joinchat":[],"footnotes":""},"class_list":["post-7645","page","type-page","status-publish","has-post-thumbnail","hentry"],"yoast_head":"<!-- This site is optimized with the Yoast SEO Premium plugin v24.9 (Yoast SEO v24.9) - https:\/\/yoast.com\/wordpress\/plugins\/seo\/ -->\n<title>Industrial &amp; Logistics | 4Biz Properties<\/title>\n<meta name=\"description\" content=\"Expert support for warehousing, logistics, and industrial real estate needs\" \/>\n<meta name=\"robots\" content=\"index, follow, max-snippet:-1, max-image-preview:large, max-video-preview:-1\" \/>\n<link rel=\"canonical\" href=\"https:\/\/4biz.properties\/ro\/industrial-logistics\/\" \/>\n<meta property=\"og:locale\" content=\"ro_RO\" \/>\n<meta property=\"og:type\" content=\"article\" \/>\n<meta property=\"og:title\" content=\"Industrial &amp; Logistics | 4Biz Properties\" \/>\n<meta property=\"og:description\" content=\"Expert support for warehousing, logistics, and industrial real estate needs\" \/>\n<meta property=\"og:url\" content=\"https:\/\/4biz.properties\/ro\/industrial-logistics\/\" \/>\n<meta property=\"og:site_name\" content=\"4Biz Properties\" \/>\n<meta property=\"article:modified_time\" content=\"2025-06-25T08:35:15+00:00\" \/>\n<meta property=\"og:image\" content=\"https:\/\/4biz.properties\/ro\/wp-content\/uploads\/2025\/06\/8-2.jpg\" \/>\n\t<meta property=\"og:image:width\" content=\"780\" \/>\n\t<meta property=\"og:image:height\" content=\"780\" \/>\n\t<meta property=\"og:image:type\" content=\"image\/jpeg\" \/>\n<meta name=\"twitter:card\" content=\"summary_large_image\" \/>\n<meta name=\"twitter:title\" content=\"Industrial &amp; Logistics\" \/>\n<meta name=\"twitter:label1\" content=\"Timp estimat pentru citire\" \/>\n\t<meta name=\"twitter:data1\" content=\"2 minute\" \/>\n<script type=\"application\/ld+json\" class=\"yoast-schema-graph\">{\"@context\":\"https:\/\/schema.org\",\"@graph\":[{\"@type\":\"WebPage\",\"@id\":\"https:\/\/4biz.properties\/ro\/industrial-logistics\/\",\"url\":\"https:\/\/4biz.properties\/ro\/industrial-logistics\/\",\"name\":\"Industrial & Logistics | 4Biz Properties\",\"isPartOf\":{\"@id\":\"https:\/\/4biz.properties\/ro\/#website\"},\"primaryImageOfPage\":{\"@id\":\"https:\/\/4biz.properties\/ro\/industrial-logistics\/#primaryimage\"},\"image\":{\"@id\":\"https:\/\/4biz.properties\/ro\/industrial-logistics\/#primaryimage\"},\"thumbnailUrl\":\"https:\/\/4biz.properties\/ro\/wp-content\/uploads\/2025\/06\/8-2.jpg\",\"datePublished\":\"2025-06-23T10:37:55+00:00\",\"dateModified\":\"2025-06-25T08:35:15+00:00\",\"description\":\"Expert support for warehousing, logistics, and industrial real estate needs\",\"breadcrumb\":{\"@id\":\"https:\/\/4biz.properties\/ro\/industrial-logistics\/#breadcrumb\"},\"inLanguage\":\"ro-RO\",\"potentialAction\":[{\"@type\":\"ReadAction\",\"target\":[\"https:\/\/4biz.properties\/ro\/industrial-logistics\/\"]}]},{\"@type\":\"ImageObject\",\"inLanguage\":\"ro-RO\",\"@id\":\"https:\/\/4biz.properties\/ro\/industrial-logistics\/#primaryimage\",\"url\":\"https:\/\/4biz.properties\/ro\/wp-content\/uploads\/2025\/06\/8-2.jpg\",\"contentUrl\":\"https:\/\/4biz.properties\/ro\/wp-content\/uploads\/2025\/06\/8-2.jpg\",\"width\":780,\"height\":780},{\"@type\":\"BreadcrumbList\",\"@id\":\"https:\/\/4biz.properties\/ro\/industrial-logistics\/#breadcrumb\",\"itemListElement\":[{\"@type\":\"ListItem\",\"position\":1,\"name\":\"Home\",\"item\":\"https:\/\/4biz.properties\/ro\/\"},{\"@type\":\"ListItem\",\"position\":2,\"name\":\"Industrial &#038; Logistics\"}]},{\"@type\":\"WebSite\",\"@id\":\"https:\/\/4biz.properties\/ro\/#website\",\"url\":\"https:\/\/4biz.properties\/ro\/\",\"name\":\"4Biz Properties\",\"description\":\"Commercial Real Estate | 4Biz Properties\",\"publisher\":{\"@id\":\"https:\/\/4biz.properties\/ro\/#organization\"},\"alternateName\":\"4Biz Properties\",\"potentialAction\":[{\"@type\":\"SearchAction\",\"target\":{\"@type\":\"EntryPoint\",\"urlTemplate\":\"https:\/\/4biz.properties\/ro\/?s={search_term_string}\"},\"query-input\":{\"@type\":\"PropertyValueSpecification\",\"valueRequired\":true,\"valueName\":\"search_term_string\"}}],\"inLanguage\":\"ro-RO\"},{\"@type\":\"Organization\",\"@id\":\"https:\/\/4biz.properties\/ro\/#organization\",\"name\":\"4Biz Properties\",\"alternateName\":\"4Biz Properties\",\"url\":\"https:\/\/4biz.properties\/ro\/\",\"logo\":{\"@type\":\"ImageObject\",\"inLanguage\":\"ro-RO\",\"@id\":\"https:\/\/4biz.properties\/ro\/#\/schema\/logo\/image\/\",\"url\":\"https:\/\/4biz.properties\/ro\/wp-content\/uploads\/2025\/05\/4Biz-Properties.jpg\",\"contentUrl\":\"https:\/\/4biz.properties\/ro\/wp-content\/uploads\/2025\/05\/4Biz-Properties.jpg\",\"width\":780,\"height\":780,\"caption\":\"4Biz Properties\"},\"image\":{\"@id\":\"https:\/\/4biz.properties\/ro\/#\/schema\/logo\/image\/\"}}]}<\/script>\n<!-- \/ Yoast SEO Premium plugin. -->","yoast_head_json":{"title":"Industrial & Logistics | 4Biz Properties","description":"Expert support for warehousing, logistics, and industrial real estate needs","robots":{"index":"index","follow":"follow","max-snippet":"max-snippet:-1","max-image-preview":"max-image-preview:large","max-video-preview":"max-video-preview:-1"},"canonical":"https:\/\/4biz.properties\/ro\/industrial-logistics\/","og_locale":"ro_RO","og_type":"article","og_title":"Industrial & Logistics | 4Biz Properties","og_description":"Expert support for warehousing, logistics, and industrial real estate needs","og_url":"https:\/\/4biz.properties\/ro\/industrial-logistics\/","og_site_name":"4Biz Properties","article_modified_time":"2025-06-25T08:35:15+00:00","og_image":[{"width":780,"height":780,"url":"https:\/\/4biz.properties\/ro\/wp-content\/uploads\/2025\/06\/8-2.jpg","type":"image\/jpeg"}],"twitter_card":"summary_large_image","twitter_title":"Industrial & Logistics","twitter_misc":{"Timp estimat pentru citire":"2 minute"},"schema":{"@context":"https:\/\/schema.org","@graph":[{"@type":"WebPage","@id":"https:\/\/4biz.properties\/ro\/industrial-logistics\/","url":"https:\/\/4biz.properties\/ro\/industrial-logistics\/","name":"Industrial & Logistics | 4Biz Properties","isPartOf":{"@id":"https:\/\/4biz.properties\/ro\/#website"},"primaryImageOfPage":{"@id":"https:\/\/4biz.properties\/ro\/industrial-logistics\/#primaryimage"},"image":{"@id":"https:\/\/4biz.properties\/ro\/industrial-logistics\/#primaryimage"},"thumbnailUrl":"https:\/\/4biz.properties\/ro\/wp-content\/uploads\/2025\/06\/8-2.jpg","datePublished":"2025-06-23T10:37:55+00:00","dateModified":"2025-06-25T08:35:15+00:00","description":"Expert support for warehousing, logistics, and industrial real estate needs","breadcrumb":{"@id":"https:\/\/4biz.properties\/ro\/industrial-logistics\/#breadcrumb"},"inLanguage":"ro-RO","potentialAction":[{"@type":"ReadAction","target":["https:\/\/4biz.properties\/ro\/industrial-logistics\/"]}]},{"@type":"ImageObject","inLanguage":"ro-RO","@id":"https:\/\/4biz.properties\/ro\/industrial-logistics\/#primaryimage","url":"https:\/\/4biz.properties\/ro\/wp-content\/uploads\/2025\/06\/8-2.jpg","contentUrl":"https:\/\/4biz.properties\/ro\/wp-content\/uploads\/2025\/06\/8-2.jpg","width":780,"height":780},{"@type":"BreadcrumbList","@id":"https:\/\/4biz.properties\/ro\/industrial-logistics\/#breadcrumb","itemListElement":[{"@type":"ListItem","position":1,"name":"Home","item":"https:\/\/4biz.properties\/ro\/"},{"@type":"ListItem","position":2,"name":"Industrial &#038; Logistics"}]},{"@type":"WebSite","@id":"https:\/\/4biz.properties\/ro\/#website","url":"https:\/\/4biz.properties\/ro\/","name":"4Biz Properties","description":"Commercial Real Estate | 4Biz Properties","publisher":{"@id":"https:\/\/4biz.properties\/ro\/#organization"},"alternateName":"4Biz Properties","potentialAction":[{"@type":"SearchAction","target":{"@type":"EntryPoint","urlTemplate":"https:\/\/4biz.properties\/ro\/?s={search_term_string}"},"query-input":{"@type":"PropertyValueSpecification","valueRequired":true,"valueName":"search_term_string"}}],"inLanguage":"ro-RO"},{"@type":"Organization","@id":"https:\/\/4biz.properties\/ro\/#organization","name":"4Biz Properties","alternateName":"4Biz Properties","url":"https:\/\/4biz.properties\/ro\/","logo":{"@type":"ImageObject","inLanguage":"ro-RO","@id":"https:\/\/4biz.properties\/ro\/#\/schema\/logo\/image\/","url":"https:\/\/4biz.properties\/ro\/wp-content\/uploads\/2025\/05\/4Biz-Properties.jpg","contentUrl":"https:\/\/4biz.properties\/ro\/wp-content\/uploads\/2025\/05\/4Biz-Properties.jpg","width":780,"height":780,"caption":"4Biz Properties"},"image":{"@id":"https:\/\/4biz.properties\/ro\/#\/schema\/logo\/image\/"}}]}},"_links":{"self":[{"href":"https:\/\/4biz.properties\/ro\/wp-json\/wp\/v2\/pages\/7645","targetHints":{"allow":["GET"]}}],"collection":[{"href":"https:\/\/4biz.properties\/ro\/wp-json\/wp\/v2\/pages"}],"about":[{"href":"https:\/\/4biz.properties\/ro\/wp-json\/wp\/v2\/types\/page"}],"author":[{"embeddable":true,"href":"https:\/\/4biz.properties\/ro\/wp-json\/wp\/v2\/users\/1"}],"replies":[{"embeddable":true,"href":"https:\/\/4biz.properties\/ro\/wp-json\/wp\/v2\/comments?post=7645"}],"version-history":[{"count":20,"href":"https:\/\/4biz.properties\/ro\/wp-json\/wp\/v2\/pages\/7645\/revisions"}],"predecessor-version":[{"id":7951,"href":"https:\/\/4biz.properties\/ro\/wp-json\/wp\/v2\/pages\/7645\/revisions\/7951"}],"wp:featuredmedia":[{"embeddable":true,"href":"https:\/\/4biz.properties\/ro\/wp-json\/wp\/v2\/media\/6998"}],"wp:attachment":[{"href":"https:\/\/4biz.properties\/ro\/wp-json\/wp\/v2\/media?parent=7645"}],"curies":[{"name":"wp","href":"https:\/\/api.w.org\/{rel}","templated":true}]}}