{"id":7676,"date":"2025-06-23T11:24:04","date_gmt":"2025-06-23T11:24:04","guid":{"rendered":"https:\/\/4biz.properties\/?page_id=7676"},"modified":"2025-06-25T10:42:52","modified_gmt":"2025-06-25T10:42:52","slug":"special-purpose-commercial-properties","status":"publish","type":"page","link":"https:\/\/4biz.properties\/ro\/special-purpose-commercial-properties\/","title":{"rendered":"Special-Purpose Commercial Properties"},"content":{"rendered":"\t\t<div data-elementor-type=\"wp-page\" data-elementor-id=\"7676\" class=\"elementor elementor-7676\" data-elementor-settings=\"{&quot;ha_cmc_init_switcher&quot;:&quot;no&quot;}\">\n\t\t\t\t<div class=\"elementor-element elementor-element-3a9dc5c6 e-flex e-con-boxed e-con e-parent\" data-id=\"3a9dc5c6\" data-element_type=\"container\" data-settings=\"{&quot;background_background&quot;:&quot;classic&quot;,&quot;_ha_eqh_enable&quot;:false}\">\n\t\t\t\t\t<div class=\"e-con-inner\">\n\t\t<div class=\"elementor-element elementor-element-64401c7d e-con-full e-flex e-con e-child\" data-id=\"64401c7d\" data-element_type=\"container\" data-settings=\"{&quot;_ha_eqh_enable&quot;:false}\">\n\t\t\t\t<div class=\"elementor-element elementor-element-763fd1c0 elementor-widget elementor-widget-creote-title-v1\" data-id=\"763fd1c0\" data-element_type=\"widget\" data-widget_type=\"creote-title-v1.default\">\n\t\t\t\t<div class=\"elementor-widget-container\">\n\t\t\t\t\t<div class=\"title_all_box style_one dark_color\">\r\n            <!-- Default title style -->\r\n        <div class=\"title_sections left\">\r\n                                        <div class=\"title\">\r\n                    Propriet\u0103\u021bi comerciale cu destina\u021bii speciale                <\/div>\r\n                                <\/div>\r\n        <!-- End of default title style -->\r\n\r\n    <\/div>\r\n\t\t\t\t<\/div>\n\t\t\t\t<\/div>\n\t\t\t\t<\/div>\n\t\t<div class=\"elementor-element elementor-element-220ee3a9 e-con-full e-flex e-con e-child\" data-id=\"220ee3a9\" data-element_type=\"container\" data-settings=\"{&quot;_ha_eqh_enable&quot;:false}\">\n\t\t\t\t<div class=\"elementor-element elementor-element-7553eba8 elementor-widget elementor-widget-creote-title-v1\" data-id=\"7553eba8\" data-element_type=\"widget\" data-widget_type=\"creote-title-v1.default\">\n\t\t\t\t<div class=\"elementor-widget-container\">\n\t\t\t\t\t<div class=\"title_all_box style_one dark_color\">\r\n            <!-- Default title style -->\r\n        <div class=\"title_sections left\">\r\n                                        <div class=\"title\">\r\n                    Maximizeaz\u0103 poten\u021bialul activelor imobiliare specializate.                <\/div>\r\n                                <\/div>\r\n        <!-- End of default title style -->\r\n\r\n    <\/div>\r\n\t\t\t\t<\/div>\n\t\t\t\t<\/div>\n\t\t\t\t<\/div>\n\t\t\t\t\t<\/div>\n\t\t\t\t<\/div>\n\t\t<div class=\"elementor-element elementor-element-1998e2cd e-flex e-con-boxed e-con e-parent\" data-id=\"1998e2cd\" data-element_type=\"container\" data-settings=\"{&quot;_ha_eqh_enable&quot;:false}\">\n\t\t\t\t\t<div class=\"e-con-inner\">\n\t\t\t\t<div class=\"elementor-element elementor-element-442d612b elementor-widget elementor-widget-creote-title-v1\" data-id=\"442d612b\" data-element_type=\"widget\" data-widget_type=\"creote-title-v1.default\">\n\t\t\t\t<div class=\"elementor-widget-container\">\n\t\t\t\t\t<div class=\"title_all_box style_one dark_color\">\r\n            <!-- Default title style -->\r\n        <div class=\"title_sections left\">\r\n                                        <div class=\"title\">\r\n                    Strategii personalizate pentru active imobiliare de ni\u0219\u0103                <\/div>\r\n                                <\/div>\r\n        <!-- End of default title style -->\r\n\r\n    <\/div>\r\n\t\t\t\t<\/div>\n\t\t\t\t<\/div>\n\t\t\t\t\t<\/div>\n\t\t\t\t<\/div>\n\t\t<div class=\"elementor-element elementor-element-327ff29 e-grid e-con-boxed e-con e-parent\" data-id=\"327ff29\" data-element_type=\"container\" data-settings=\"{&quot;_ha_eqh_enable&quot;:false}\">\n\t\t\t\t\t<div class=\"e-con-inner\">\n\t\t\t\t<div class=\"elementor-element elementor-element-6fa73914 elementor-widget elementor-widget-creote-title-v1\" data-id=\"6fa73914\" data-element_type=\"widget\" data-widget_type=\"creote-title-v1.default\">\n\t\t\t\t<div class=\"elementor-widget-container\">\n\t\t\t\t\t<div class=\"title_all_box style_one dark_color\">\r\n            <!-- Default title style -->\r\n        <div class=\"title_sections left\">\r\n                                        <div class=\"title\">\r\n                    Sprijinim investitori, dezvoltatori \u0219i operatori \u00een gestionarea propriet\u0103\u021bilor comerciale alternative, combin\u00e2nd cunoa\u0219terea pie\u021bei cu solu\u021bii personalizate care asigur\u0103 performan\u021b\u0103 pe termen lung.                <\/div>\r\n                                <\/div>\r\n        <!-- End of default title style -->\r\n\r\n    <\/div>\r\n\t\t\t\t<\/div>\n\t\t\t\t<\/div>\n\t\t\t\t<div class=\"elementor-element elementor-element-8046419 elementor-widget elementor-widget-creote-moving-image-v1\" data-id=\"8046419\" data-element_type=\"widget\" data-widget_type=\"creote-moving-image-v1.default\">\n\t\t\t\t<div class=\"elementor-widget-container\">\n\t\t\t\t\t <div class=\"move_image_absolute\">  <img decoding=\"async\" src=\"https:\/\/4biz.properties\/ro\/wp-content\/uploads\/2025\/06\/4Biz-1.png\" class=\"class-fluid\" alt=\"image\" \/> <\/div> \r\n\t\t\t\t<\/div>\n\t\t\t\t<\/div>\n\t\t\t\t\t<\/div>\n\t\t\t\t<\/div>\n\t\t<div class=\"elementor-element elementor-element-654be76f e-flex e-con-boxed e-con e-parent\" data-id=\"654be76f\" data-element_type=\"container\" data-settings=\"{&quot;_ha_eqh_enable&quot;:false}\">\n\t\t\t\t\t<div class=\"e-con-inner\">\n\t\t\t\t\t<\/div>\n\t\t\t\t<\/div>\n\t\t<div class=\"elementor-element elementor-element-b79026b e-flex e-con-boxed e-con e-parent\" data-id=\"b79026b\" data-element_type=\"container\" data-settings=\"{&quot;_ha_eqh_enable&quot;:false}\">\n\t\t\t\t\t<div class=\"e-con-inner\">\n\t\t\t\t<div class=\"elementor-element elementor-element-5f87c96 elementor-widget elementor-widget-creote-title-v1\" data-id=\"5f87c96\" data-element_type=\"widget\" data-widget_type=\"creote-title-v1.default\">\n\t\t\t\t<div class=\"elementor-widget-container\">\n\t\t\t\t\t<div class=\"title_all_box style_one dark_color\">\r\n            <!-- Default title style -->\r\n        <div class=\"title_sections left\">\r\n                                        <div class=\"title\">\r\n                    Colabor\u0103m cu:                <\/div>\r\n                                <\/div>\r\n        <!-- End of default title style -->\r\n\r\n    <\/div>\r\n\t\t\t\t<\/div>\n\t\t\t\t<\/div>\n\t\t\t\t\t<\/div>\n\t\t\t\t<\/div>\n\t\t<div class=\"elementor-element elementor-element-53ea5ac e-flex e-con-boxed e-con e-parent\" data-id=\"53ea5ac\" data-element_type=\"container\" data-settings=\"{&quot;_ha_eqh_enable&quot;:false}\">\n\t\t\t\t\t<div class=\"e-con-inner\">\n\t\t\t\t<div class=\"elementor-element elementor-element-3c54020 elementor-widget elementor-widget-creote-title-v1\" data-id=\"3c54020\" data-element_type=\"widget\" data-widget_type=\"creote-title-v1.default\">\n\t\t\t\t<div class=\"elementor-widget-container\">\n\t\t\t\t\t<div class=\"title_all_box style_one dark_color\">\r\n            <!-- Default title style -->\r\n        <div class=\"title_sections left\">\r\n                                        <div class=\"title\">\r\n                    <li>Operatorii \u0219i investitorii din domeniul s\u0103n\u0103t\u0103\u021bii, achizi\u021bion\u00e2nd sau \u00eenchiriind clinici medicale\n\n<li>Dezvoltatori \u0219i proprietari de active din sectorul ospitalit\u0103\u021bii, inclusiv hoteluri \u0219i pensiuni\n\n<li>Investitori interesa\u021bi de locuin\u021be pentru studen\u021bi, co-living sau facilit\u0103\u021bi pentru seniori\n\n<li>Companii care caut\u0103 cl\u0103diri comerciale cu utilizare special\u0103 pentru educa\u021bie sau institu\u021bii                <\/div>\r\n                                <\/div>\r\n        <!-- End of default title style -->\r\n\r\n    <\/div>\r\n\t\t\t\t<\/div>\n\t\t\t\t<\/div>\n\t\t\t\t\t<\/div>\n\t\t\t\t<\/div>\n\t\t<div class=\"elementor-element elementor-element-d0ec78e e-flex e-con-boxed e-con e-parent\" data-id=\"d0ec78e\" data-element_type=\"container\" data-settings=\"{&quot;_ha_eqh_enable&quot;:false}\">\n\t\t\t\t\t<div class=\"e-con-inner\">\n\t\t\t\t<div class=\"elementor-element elementor-element-860aeed elementor-widget elementor-widget-creote-title-v1\" data-id=\"860aeed\" data-element_type=\"widget\" data-widget_type=\"creote-title-v1.default\">\n\t\t\t\t<div class=\"elementor-widget-container\">\n\t\t\t\t\t<div class=\"title_all_box style_one dark_color\">\r\n            <!-- Default title style -->\r\n        <div class=\"title_sections left\">\r\n                                        <div class=\"title\">\r\n                    Serviciile noastre includ:                <\/div>\r\n                                <\/div>\r\n        <!-- End of default title style -->\r\n\r\n    <\/div>\r\n\t\t\t\t<\/div>\n\t\t\t\t<\/div>\n\t\t\t\t\t<\/div>\n\t\t\t\t<\/div>\n\t\t<div class=\"elementor-element elementor-element-1133d85 e-flex e-con-boxed e-con e-parent\" data-id=\"1133d85\" data-element_type=\"container\" data-settings=\"{&quot;_ha_eqh_enable&quot;:false}\">\n\t\t\t\t\t<div class=\"e-con-inner\">\n\t\t\t\t<div class=\"elementor-element elementor-element-6c07445 elementor-widget elementor-widget-creote-title-v1\" data-id=\"6c07445\" data-element_type=\"widget\" data-widget_type=\"creote-title-v1.default\">\n\t\t\t\t<div class=\"elementor-widget-container\">\n\t\t\t\t\t<div class=\"title_all_box style_one dark_color\">\r\n            <!-- Default title style -->\r\n        <div class=\"title_sections left\">\r\n                                        <div class=\"title\">\r\n                    Consultan\u021b\u0103 \u00een achizi\u021bie, \u00eenchiriere \u0219i repozi\u021bionare\n\n<li>Analiz\u0103 de investi\u021bii \u0219i identificare a operatorilor potrivi\u021bi\n\n<li>Cercetare de pia\u021b\u0103 \u0219i evaluare a performan\u021bei\n\n<li>Consultan\u021b\u0103 \u00een dezvoltare \u0219i studii de fezabilitate\n\n<li>Identificarea terenurilor pentru proiecte cu destina\u021bii speciale\n\n<li>Suport \u00een tranzac\u021bii, pentru active individuale sau portofolii                <\/div>\r\n                                <\/div>\r\n        <!-- End of default title style -->\r\n\r\n    <\/div>\r\n\t\t\t\t<\/div>\n\t\t\t\t<\/div>\n\t\t\t\t\t<\/div>\n\t\t\t\t<\/div>\n\t\t<div class=\"elementor-element elementor-element-a9a24f8 e-flex e-con-boxed e-con e-parent\" data-id=\"a9a24f8\" data-element_type=\"container\" data-settings=\"{&quot;_ha_eqh_enable&quot;:false}\">\n\t\t\t\t\t<div class=\"e-con-inner\">\n\t\t\t\t<div class=\"elementor-element elementor-element-b7aff4a elementor-widget elementor-widget-creote-title-v1\" data-id=\"b7aff4a\" data-element_type=\"widget\" data-widget_type=\"creote-title-v1.default\">\n\t\t\t\t<div class=\"elementor-widget-container\">\n\t\t\t\t\t<div class=\"title_all_box style_one dark_color\">\r\n            <!-- Default title style -->\r\n        <div class=\"title_sections left\">\r\n                                        <div class=\"title\">\r\n                    De la propriet\u0103\u021bi medicale la unit\u0103\u021bi de ospitalitate \u0219i locuin\u021be dedicate, oferim clien\u021bilor \u00eencredere \u0219i claritate \u00een navigarea acestor pie\u021be specializate.                <\/div>\r\n                                <\/div>\r\n        <!-- End of default title style -->\r\n\r\n    <\/div>\r\n\t\t\t\t<\/div>\n\t\t\t\t<\/div>\n\t\t\t\t\t<\/div>\n\t\t\t\t<\/div>\n\t\t<div class=\"elementor-element elementor-element-24ca883b e-flex e-con-boxed e-con e-parent\" data-id=\"24ca883b\" data-element_type=\"container\" data-settings=\"{&quot;_ha_eqh_enable&quot;:false}\">\n\t\t\t\t\t<div class=\"e-con-inner\">\n\t\t\t\t<div data-ha-element-link=\"{&quot;url&quot;:&quot;https:\\\/\\\/4biz.properties\\\/ro\\\/services\\\/&quot;,&quot;is_external&quot;:&quot;&quot;,&quot;nofollow&quot;:&quot;&quot;}\" style=\"cursor: pointer\" class=\"elementor-element elementor-element-12b65a38 elementor-widget elementor-widget-creote-title-v1\" data-id=\"12b65a38\" data-element_type=\"widget\" data-widget_type=\"creote-title-v1.default\">\n\t\t\t\t<div class=\"elementor-widget-container\">\n\t\t\t\t\t<div class=\"title_all_box style_one dark_color\">\r\n            <!-- Default title style -->\r\n        <div class=\"title_sections left\">\r\n                                        <div class=\"title\">\r\n                    Pentru o imagine complet\u0103 a modului \u00een care sprijinim activele comerciale de ni\u0219\u0103, exploreaz\u0103 gama noastr\u0103 complet\u0103 de <b><u>servicii imobiliare comerciale.<\/b><\/u>\n\n                <\/div>\r\n                                <\/div>\r\n        <!-- End of default title style -->\r\n\r\n    <\/div>\r\n\t\t\t\t<\/div>\n\t\t\t\t<\/div>\n\t\t\t\t\t<\/div>\n\t\t\t\t<\/div>\n\t\t\t\t<\/div>\n\t\t","protected":false},"excerpt":{"rendered":"<p>Propriet\u0103\u021bi comerciale cu destina\u021bii speciale Maximizeaz\u0103 poten\u021bialul activelor imobiliare specializate. Strategii personalizate pentru active imobiliare de ni\u0219\u0103 Sprijinim investitori, dezvoltatori \u0219i operatori \u00een gestionarea propriet\u0103\u021bilor comerciale alternative, combin\u00e2nd cunoa\u0219terea pie\u021bei cu solu\u021bii personalizate care asigur\u0103 performan\u021b\u0103 pe termen lung. Colabor\u0103m cu: Operatorii \u0219i investitorii din domeniul s\u0103n\u0103t\u0103\u021bii, achizi\u021bion\u00e2nd sau \u00eenchiriind clinici medicale Dezvoltatori \u0219i proprietari [&hellip;]<\/p>\n","protected":false},"author":1,"featured_media":7003,"parent":0,"menu_order":0,"comment_status":"closed","ping_status":"closed","template":"","meta":{"_joinchat":[],"footnotes":""},"class_list":["post-7676","page","type-page","status-publish","has-post-thumbnail","hentry"],"yoast_head":"<!-- This site is optimized with the Yoast SEO Premium plugin v24.9 (Yoast SEO v24.9) - https:\/\/yoast.com\/wordpress\/plugins\/seo\/ -->\n<title>Special-Purpose Commercial Properties | 4Biz Properties<\/title>\n<meta name=\"description\" content=\"Customized services for niche assets like clinics, hotels, and student housing.\" \/>\n<meta name=\"robots\" content=\"index, follow, max-snippet:-1, max-image-preview:large, max-video-preview:-1\" \/>\n<link rel=\"canonical\" href=\"https:\/\/4biz.properties\/ro\/special-purpose-commercial-properties\/\" \/>\n<meta property=\"og:locale\" content=\"ro_RO\" \/>\n<meta property=\"og:type\" content=\"article\" \/>\n<meta property=\"og:title\" content=\"Special-Purpose Commercial Properties | 4Biz Properties\" \/>\n<meta property=\"og:description\" content=\"Customized services for niche assets like clinics, hotels, and student housing.\" \/>\n<meta property=\"og:url\" content=\"https:\/\/4biz.properties\/ro\/special-purpose-commercial-properties\/\" \/>\n<meta property=\"og:site_name\" content=\"4Biz Properties\" \/>\n<meta property=\"article:modified_time\" content=\"2025-06-25T10:42:52+00:00\" \/>\n<meta property=\"og:image\" content=\"https:\/\/4biz.properties\/ro\/wp-content\/uploads\/2025\/06\/medical.png\" \/>\n\t<meta property=\"og:image:width\" content=\"400\" \/>\n\t<meta property=\"og:image:height\" content=\"400\" \/>\n\t<meta property=\"og:image:type\" content=\"image\/png\" \/>\n<meta name=\"twitter:card\" content=\"summary_large_image\" \/>\n<meta name=\"twitter:title\" content=\"Special-Purpose Commercial Properties\" \/>\n<meta name=\"twitter:label1\" content=\"Timp estimat pentru citire\" \/>\n\t<meta name=\"twitter:data1\" content=\"2 minute\" \/>\n<script type=\"application\/ld+json\" class=\"yoast-schema-graph\">{\"@context\":\"https:\/\/schema.org\",\"@graph\":[{\"@type\":\"WebPage\",\"@id\":\"https:\/\/4biz.properties\/ro\/special-purpose-commercial-properties\/\",\"url\":\"https:\/\/4biz.properties\/ro\/special-purpose-commercial-properties\/\",\"name\":\"Special-Purpose Commercial Properties | 4Biz Properties\",\"isPartOf\":{\"@id\":\"https:\/\/4biz.properties\/ro\/#website\"},\"primaryImageOfPage\":{\"@id\":\"https:\/\/4biz.properties\/ro\/special-purpose-commercial-properties\/#primaryimage\"},\"image\":{\"@id\":\"https:\/\/4biz.properties\/ro\/special-purpose-commercial-properties\/#primaryimage\"},\"thumbnailUrl\":\"https:\/\/4biz.properties\/ro\/wp-content\/uploads\/2025\/06\/medical.png\",\"datePublished\":\"2025-06-23T11:24:04+00:00\",\"dateModified\":\"2025-06-25T10:42:52+00:00\",\"description\":\"Customized services for niche assets like clinics, hotels, and student housing.\",\"breadcrumb\":{\"@id\":\"https:\/\/4biz.properties\/ro\/special-purpose-commercial-properties\/#breadcrumb\"},\"inLanguage\":\"ro-RO\",\"potentialAction\":[{\"@type\":\"ReadAction\",\"target\":[\"https:\/\/4biz.properties\/ro\/special-purpose-commercial-properties\/\"]}]},{\"@type\":\"ImageObject\",\"inLanguage\":\"ro-RO\",\"@id\":\"https:\/\/4biz.properties\/ro\/special-purpose-commercial-properties\/#primaryimage\",\"url\":\"https:\/\/4biz.properties\/ro\/wp-content\/uploads\/2025\/06\/medical.png\",\"contentUrl\":\"https:\/\/4biz.properties\/ro\/wp-content\/uploads\/2025\/06\/medical.png\",\"width\":400,\"height\":400},{\"@type\":\"BreadcrumbList\",\"@id\":\"https:\/\/4biz.properties\/ro\/special-purpose-commercial-properties\/#breadcrumb\",\"itemListElement\":[{\"@type\":\"ListItem\",\"position\":1,\"name\":\"Home\",\"item\":\"https:\/\/4biz.properties\/ro\/\"},{\"@type\":\"ListItem\",\"position\":2,\"name\":\"Special-Purpose Commercial Properties\"}]},{\"@type\":\"WebSite\",\"@id\":\"https:\/\/4biz.properties\/ro\/#website\",\"url\":\"https:\/\/4biz.properties\/ro\/\",\"name\":\"4Biz Properties\",\"description\":\"Commercial Real Estate | 4Biz Properties\",\"publisher\":{\"@id\":\"https:\/\/4biz.properties\/ro\/#organization\"},\"alternateName\":\"4Biz Properties\",\"potentialAction\":[{\"@type\":\"SearchAction\",\"target\":{\"@type\":\"EntryPoint\",\"urlTemplate\":\"https:\/\/4biz.properties\/ro\/?s={search_term_string}\"},\"query-input\":{\"@type\":\"PropertyValueSpecification\",\"valueRequired\":true,\"valueName\":\"search_term_string\"}}],\"inLanguage\":\"ro-RO\"},{\"@type\":\"Organization\",\"@id\":\"https:\/\/4biz.properties\/ro\/#organization\",\"name\":\"4Biz Properties\",\"alternateName\":\"4Biz Properties\",\"url\":\"https:\/\/4biz.properties\/ro\/\",\"logo\":{\"@type\":\"ImageObject\",\"inLanguage\":\"ro-RO\",\"@id\":\"https:\/\/4biz.properties\/ro\/#\/schema\/logo\/image\/\",\"url\":\"https:\/\/4biz.properties\/ro\/wp-content\/uploads\/2025\/05\/4Biz-Properties.jpg\",\"contentUrl\":\"https:\/\/4biz.properties\/ro\/wp-content\/uploads\/2025\/05\/4Biz-Properties.jpg\",\"width\":780,\"height\":780,\"caption\":\"4Biz Properties\"},\"image\":{\"@id\":\"https:\/\/4biz.properties\/ro\/#\/schema\/logo\/image\/\"}}]}<\/script>\n<!-- \/ Yoast SEO Premium plugin. -->","yoast_head_json":{"title":"Special-Purpose Commercial Properties | 4Biz Properties","description":"Customized services for niche assets like clinics, hotels, and student housing.","robots":{"index":"index","follow":"follow","max-snippet":"max-snippet:-1","max-image-preview":"max-image-preview:large","max-video-preview":"max-video-preview:-1"},"canonical":"https:\/\/4biz.properties\/ro\/special-purpose-commercial-properties\/","og_locale":"ro_RO","og_type":"article","og_title":"Special-Purpose Commercial Properties | 4Biz Properties","og_description":"Customized services for niche assets like clinics, hotels, and student housing.","og_url":"https:\/\/4biz.properties\/ro\/special-purpose-commercial-properties\/","og_site_name":"4Biz Properties","article_modified_time":"2025-06-25T10:42:52+00:00","og_image":[{"width":400,"height":400,"url":"https:\/\/4biz.properties\/ro\/wp-content\/uploads\/2025\/06\/medical.png","type":"image\/png"}],"twitter_card":"summary_large_image","twitter_title":"Special-Purpose Commercial Properties","twitter_misc":{"Timp estimat pentru citire":"2 minute"},"schema":{"@context":"https:\/\/schema.org","@graph":[{"@type":"WebPage","@id":"https:\/\/4biz.properties\/ro\/special-purpose-commercial-properties\/","url":"https:\/\/4biz.properties\/ro\/special-purpose-commercial-properties\/","name":"Special-Purpose Commercial Properties | 4Biz Properties","isPartOf":{"@id":"https:\/\/4biz.properties\/ro\/#website"},"primaryImageOfPage":{"@id":"https:\/\/4biz.properties\/ro\/special-purpose-commercial-properties\/#primaryimage"},"image":{"@id":"https:\/\/4biz.properties\/ro\/special-purpose-commercial-properties\/#primaryimage"},"thumbnailUrl":"https:\/\/4biz.properties\/ro\/wp-content\/uploads\/2025\/06\/medical.png","datePublished":"2025-06-23T11:24:04+00:00","dateModified":"2025-06-25T10:42:52+00:00","description":"Customized services for niche assets like clinics, hotels, and student housing.","breadcrumb":{"@id":"https:\/\/4biz.properties\/ro\/special-purpose-commercial-properties\/#breadcrumb"},"inLanguage":"ro-RO","potentialAction":[{"@type":"ReadAction","target":["https:\/\/4biz.properties\/ro\/special-purpose-commercial-properties\/"]}]},{"@type":"ImageObject","inLanguage":"ro-RO","@id":"https:\/\/4biz.properties\/ro\/special-purpose-commercial-properties\/#primaryimage","url":"https:\/\/4biz.properties\/ro\/wp-content\/uploads\/2025\/06\/medical.png","contentUrl":"https:\/\/4biz.properties\/ro\/wp-content\/uploads\/2025\/06\/medical.png","width":400,"height":400},{"@type":"BreadcrumbList","@id":"https:\/\/4biz.properties\/ro\/special-purpose-commercial-properties\/#breadcrumb","itemListElement":[{"@type":"ListItem","position":1,"name":"Home","item":"https:\/\/4biz.properties\/ro\/"},{"@type":"ListItem","position":2,"name":"Special-Purpose Commercial Properties"}]},{"@type":"WebSite","@id":"https:\/\/4biz.properties\/ro\/#website","url":"https:\/\/4biz.properties\/ro\/","name":"4Biz Properties","description":"Commercial Real Estate | 4Biz Properties","publisher":{"@id":"https:\/\/4biz.properties\/ro\/#organization"},"alternateName":"4Biz Properties","potentialAction":[{"@type":"SearchAction","target":{"@type":"EntryPoint","urlTemplate":"https:\/\/4biz.properties\/ro\/?s={search_term_string}"},"query-input":{"@type":"PropertyValueSpecification","valueRequired":true,"valueName":"search_term_string"}}],"inLanguage":"ro-RO"},{"@type":"Organization","@id":"https:\/\/4biz.properties\/ro\/#organization","name":"4Biz Properties","alternateName":"4Biz Properties","url":"https:\/\/4biz.properties\/ro\/","logo":{"@type":"ImageObject","inLanguage":"ro-RO","@id":"https:\/\/4biz.properties\/ro\/#\/schema\/logo\/image\/","url":"https:\/\/4biz.properties\/ro\/wp-content\/uploads\/2025\/05\/4Biz-Properties.jpg","contentUrl":"https:\/\/4biz.properties\/ro\/wp-content\/uploads\/2025\/05\/4Biz-Properties.jpg","width":780,"height":780,"caption":"4Biz Properties"},"image":{"@id":"https:\/\/4biz.properties\/ro\/#\/schema\/logo\/image\/"}}]}},"_links":{"self":[{"href":"https:\/\/4biz.properties\/ro\/wp-json\/wp\/v2\/pages\/7676","targetHints":{"allow":["GET"]}}],"collection":[{"href":"https:\/\/4biz.properties\/ro\/wp-json\/wp\/v2\/pages"}],"about":[{"href":"https:\/\/4biz.properties\/ro\/wp-json\/wp\/v2\/types\/page"}],"author":[{"embeddable":true,"href":"https:\/\/4biz.properties\/ro\/wp-json\/wp\/v2\/users\/1"}],"replies":[{"embeddable":true,"href":"https:\/\/4biz.properties\/ro\/wp-json\/wp\/v2\/comments?post=7676"}],"version-history":[{"count":14,"href":"https:\/\/4biz.properties\/ro\/wp-json\/wp\/v2\/pages\/7676\/revisions"}],"predecessor-version":[{"id":8025,"href":"https:\/\/4biz.properties\/ro\/wp-json\/wp\/v2\/pages\/7676\/revisions\/8025"}],"wp:featuredmedia":[{"embeddable":true,"href":"https:\/\/4biz.properties\/ro\/wp-json\/wp\/v2\/media\/7003"}],"wp:attachment":[{"href":"https:\/\/4biz.properties\/ro\/wp-json\/wp\/v2\/media?parent=7676"}],"curies":[{"name":"wp","href":"https:\/\/api.w.org\/{rel}","templated":true}]}}