{"id":77,"date":"2021-10-05T13:12:07","date_gmt":"2021-10-05T13:12:07","guid":{"rendered":"https:\/\/themepanthers.com\/wp\/creote\/v-new\/?page_id=77"},"modified":"2025-06-24T14:01:16","modified_gmt":"2025-06-24T14:01:16","slug":"contact","status":"publish","type":"page","link":"https:\/\/4biz.properties\/ro\/contact\/","title":{"rendered":"Contact"},"content":{"rendered":"\t\t<div data-elementor-type=\"wp-page\" data-elementor-id=\"77\" class=\"elementor elementor-77\" data-elementor-settings=\"{&quot;ha_cmc_init_switcher&quot;:&quot;no&quot;}\">\n\t\t\t\t<div class=\"elementor-element elementor-element-4efb269f e-flex e-con-boxed e-con e-parent\" data-id=\"4efb269f\" data-element_type=\"container\" data-settings=\"{&quot;background_background&quot;:&quot;classic&quot;,&quot;_ha_eqh_enable&quot;:false}\">\n\t\t\t\t\t<div class=\"e-con-inner\">\n\t\t<div class=\"elementor-element elementor-element-2f90c5b8 e-con-full e-flex e-con e-child\" data-id=\"2f90c5b8\" data-element_type=\"container\" data-settings=\"{&quot;_ha_eqh_enable&quot;:false}\">\n\t\t\t\t<div class=\"elementor-element elementor-element-4f82155a elementor-widget elementor-widget-creote-title-v1\" data-id=\"4f82155a\" data-element_type=\"widget\" data-widget_type=\"creote-title-v1.default\">\n\t\t\t\t<div class=\"elementor-widget-container\">\n\t\t\t\t\t<div class=\"title_all_box style_one dark_color\">\r\n            <!-- Default title style -->\r\n        <div class=\"title_sections left\">\r\n                                        <div class=\"title\">\r\n                    CONTACTA\u021aI-NE                <\/div>\r\n                                <\/div>\r\n        <!-- End of default title style -->\r\n\r\n    <\/div>\r\n\t\t\t\t<\/div>\n\t\t\t\t<\/div>\n\t\t\t\t<\/div>\n\t\t<div class=\"elementor-element elementor-element-58d8055a e-con-full e-flex e-con e-child\" data-id=\"58d8055a\" data-element_type=\"container\" data-settings=\"{&quot;_ha_eqh_enable&quot;:false}\">\n\t\t\t\t<div class=\"elementor-element elementor-element-3d4293b8 elementor-widget elementor-widget-creote-title-v1\" data-id=\"3d4293b8\" data-element_type=\"widget\" data-widget_type=\"creote-title-v1.default\">\n\t\t\t\t<div class=\"elementor-widget-container\">\n\t\t\t\t\t<div class=\"title_all_box style_one dark_color\">\r\n            <!-- Default title style -->\r\n        <div class=\"title_sections left\">\r\n                                        <div class=\"title\">\r\n                    Ave\u021bi nevoie de consultan\u021b\u0103 imobiliar\u0103 comercial\u0103 de specialitate \u0219i solu\u021bii personalizate pentru afacerea dumneavoastr\u0103?                <\/div>\r\n                                <\/div>\r\n        <!-- End of default title style -->\r\n\r\n    <\/div>\r\n\t\t\t\t<\/div>\n\t\t\t\t<\/div>\n\t\t\t\t<\/div>\n\t\t\t\t\t<\/div>\n\t\t\t\t<\/div>\n\t\t\t\t<section class=\"elementor-section elementor-top-section elementor-element elementor-element-a3b9409 elementor-section-boxed elementor-section-height-default elementor-section-height-default\" data-id=\"a3b9409\" data-element_type=\"section\" data-settings=\"{&quot;_ha_eqh_enable&quot;:false}\">\n\t\t\t\t\t\t<div class=\"elementor-container elementor-column-gap-default\">\n\t\t\t\t\t<div class=\"elementor-column elementor-col-50 elementor-top-column elementor-element elementor-element-ec1dc83\" data-id=\"ec1dc83\" data-element_type=\"column\">\n\t\t\t<div class=\"elementor-widget-wrap elementor-element-populated\">\n\t\t\t\t\t\t<div class=\"elementor-element elementor-element-a62e35d elementor-widget elementor-widget-creote-contact-form-v1\" data-id=\"a62e35d\" data-element_type=\"widget\" data-widget_type=\"creote-contact-form-v1.default\">\n\t\t\t\t<div class=\"elementor-widget-container\">\n\t\t\t\t\t<section class=\"contact_form_box_all type_one\"  data-aos=\"fade-up\" data-aos-offset=\"0\" data-aos-delay=\"0\" >  <div class=\"contact_form_box_inner\"> <div class=\"contact_form_shortcode\">  \n<div class=\"wpcf7 no-js\" id=\"wpcf7-f6958-o1\" lang=\"en-US\" dir=\"ltr\" data-wpcf7-id=\"6958\">\n<div class=\"screen-reader-response\"><p role=\"status\" aria-live=\"polite\" aria-atomic=\"true\"><\/p> <ul><\/ul><\/div>\n<form action=\"\/ro\/wp-json\/wp\/v2\/pages\/77#wpcf7-f6958-o1\" method=\"post\" class=\"wpcf7-form init\" aria-label=\"Contact form\" novalidate=\"novalidate\" data-status=\"init\">\n<div style=\"display: none;\">\n<input type=\"hidden\" name=\"_wpcf7\" value=\"6958\" \/>\n<input type=\"hidden\" name=\"_wpcf7_version\" value=\"6.0.6\" \/>\n<input type=\"hidden\" name=\"_wpcf7_locale\" value=\"en_US\" \/>\n<input type=\"hidden\" name=\"_wpcf7_unit_tag\" value=\"wpcf7-f6958-o1\" \/>\n<input type=\"hidden\" name=\"_wpcf7_container_post\" value=\"0\" \/>\n<input type=\"hidden\" name=\"_wpcf7_posted_data_hash\" value=\"\" \/>\n<\/div>\n<p><label> Nume<br \/>\n<span class=\"wpcf7-form-control-wrap\" data-name=\"your-name\"><input size=\"40\" maxlength=\"400\" class=\"wpcf7-form-control wpcf7-text wpcf7-validates-as-required\" aria-required=\"true\" aria-invalid=\"false\" placeholder=\"\" value=\"\" type=\"text\" name=\"your-name\" \/><\/span><br \/>\n<\/label>\n<\/p>\n<p><label> Numele companiei<br \/>\n<span class=\"wpcf7-form-control-wrap\" data-name=\"your-company\"><input size=\"40\" maxlength=\"400\" class=\"wpcf7-form-control wpcf7-text wpcf7-validates-as-required\" aria-required=\"true\" aria-invalid=\"false\" placeholder=\"\" value=\"\" type=\"text\" name=\"your-company\" \/><\/span><br \/>\n<\/label>\n<\/p>\n<p><label> E-mail<br \/>\n<span class=\"wpcf7-form-control-wrap\" data-name=\"your-email\"><input size=\"40\" maxlength=\"400\" class=\"wpcf7-form-control wpcf7-email wpcf7-validates-as-required wpcf7-text wpcf7-validates-as-email\" aria-required=\"true\" aria-invalid=\"false\" placeholder=\"\" value=\"\" type=\"email\" name=\"your-email\" \/><\/span><br \/>\n<\/label>\n<\/p>\n<p><label> Num\u0103r de telefon<br \/>\n<span class=\"wpcf7-form-control-wrap\" data-name=\"your-subject\"><input size=\"40\" maxlength=\"400\" class=\"wpcf7-form-control wpcf7-text wpcf7-validates-as-required\" aria-required=\"true\" aria-invalid=\"false\" placeholder=\"\" value=\"\" type=\"text\" name=\"your-subject\" \/><\/span><br \/>\n<\/label>\n<\/p>\n<p><label> Sunt interesat s\u0103:<br \/>\n<span class=\"wpcf7-form-control-wrap\" data-name=\"select-877\"><select class=\"wpcf7-form-control wpcf7-select\" aria-invalid=\"false\" name=\"select-877\"><option value=\"\">\u00cenchiriez<\/option><option value=\"Cump\u0103r\">Cump\u0103r<\/option><\/select><\/span><br \/>\n<\/label>\n<\/p>\n<p><label> Tipul propriet\u0103\u021bii:<br \/>\n<span class=\"wpcf7-form-control-wrap\" data-name=\"select-74\"><select class=\"wpcf7-form-control wpcf7-select\" aria-invalid=\"false\" name=\"select-74\"><option value=\"Birou\">Birou<\/option><option value=\"Retail\">Retail<\/option><option value=\"Industrial\/Logistic\u0103\">Industrial\/Logistic\u0103<\/option><option value=\"Teren\">Teren<\/option><option value=\"Altele\">Altele<\/option><\/select><\/span><br \/>\n<\/label>\n<\/p>\n<p><label> Size range:<br \/>\n<span class=\"wpcf7-form-control-wrap\" data-name=\"select-72\"><select class=\"wpcf7-form-control wpcf7-select\" aria-invalid=\"false\" name=\"select-72\"><option value=\"\">&lt; 1000 mp<\/option><option value=\"1000 - 5000 mp\">1000 - 5000 mp<\/option><option value=\"&gt; 5000 mp\">&gt; 5000 mp<\/option><\/select><\/span><br \/>\n<\/label>\n<\/p>\n<p><label> Mesajul t\u0103u:<br \/>\n<span class=\"wpcf7-form-control-wrap\" data-name=\"your-message\"><textarea cols=\"40\" rows=\"10\" maxlength=\"2000\" class=\"wpcf7-form-control wpcf7-textarea\" aria-invalid=\"false\" placeholder=\"\" name=\"your-message\"><\/textarea><\/span><br \/>\n<\/label><br \/>\n<span class=\"wpcf7-form-control-wrap\" data-name=\"acceptance-474\"><span class=\"wpcf7-form-control wpcf7-acceptance optional\"><span class=\"wpcf7-list-item\"><label><input type=\"checkbox\" name=\"acceptance-474\" value=\"1\" aria-invalid=\"false\" \/><span class=\"wpcf7-list-item-label\">Accept Politica de Confiden\u021bialitate.<\/span><\/label><\/span><\/span><\/span><br \/>\n<input class=\"wpcf7-form-control wpcf7-submit has-spinner\" type=\"submit\" value=\"Submit\" \/>\n<\/p><div class=\"wpcf7-response-output\" aria-hidden=\"true\"><\/div>\n<\/form>\n<\/div>\n  <\/div> <\/div> <\/section>\r\n\t\t\t\t<\/div>\n\t\t\t\t<\/div>\n\t\t\t\t\t<\/div>\n\t\t<\/div>\n\t\t\t\t<div class=\"elementor-column elementor-col-50 elementor-top-column elementor-element elementor-element-0f89da8\" data-id=\"0f89da8\" data-element_type=\"column\">\n\t\t\t<div class=\"elementor-widget-wrap elementor-element-populated\">\n\t\t\t\t\t\t<div class=\"elementor-element elementor-element-ab4e7a0 elementor-widget elementor-widget-creote-title-v1\" data-id=\"ab4e7a0\" data-element_type=\"widget\" data-widget_type=\"creote-title-v1.default\">\n\t\t\t\t<div class=\"elementor-widget-container\">\n\t\t\t\t\t<div class=\"title_all_box style_one dark_color\">\r\n            <!-- Default title style -->\r\n        <div class=\"title_sections left\">\r\n                                        <div class=\"title\">\r\n                    Beneficia\u021bi de consultan\u021b\u0103 strategic\u0103 \u00een investi\u021bii, achizi\u021bii de terenuri, \u00eenchiriere \u0219i v\u00e2nz\u0103ri, \u00een sectoarele office, industrial \u0219i retail, al\u0103turi de servicii dedicate dezvolt\u0103rilor reziden\u021biale. O echip\u0103 de consultan\u021bi cu experien\u021b\u0103 v\u0103 asigur\u0103 decizii informate \u0219i valoare pe termen lung.                <\/div>\r\n                                <\/div>\r\n        <!-- End of default title style -->\r\n\r\n    <\/div>\r\n\t\t\t\t<\/div>\n\t\t\t\t<\/div>\n\t\t\t\t<div class=\"elementor-element elementor-element-7daa8fb elementor-widget elementor-widget-creote-contact-box-v1\" data-id=\"7daa8fb\" data-element_type=\"widget\" data-widget_type=\"creote-contact-box-v1.default\">\n\t\t\t\t<div class=\"elementor-widget-container\">\n\t\t\t\t\t \r\n<div class=\"contact_box_content style_one\" \r\n     \r\n        data-aos=\"fade-up\" \r\n        data-aos-delay=\"0\" \r\n        data-aos-offset=\"0\" \r\n    >\r\n            <div class=\"contact_box_inner  icon_yes \">\r\n                            <div class=\"icon_bx\">\r\n                    <span class=\" icon-placeholder\"><\/span>\r\n                <\/div>\r\n                        <div class=\"contnet\">\r\n                                  <div class=\"contitle\">Headquarters<\/div>\r\n                                                    <p>61 Moara de Vant Street, Iasi, Romania\n<\/p>\r\n                            <\/div>\r\n        <\/div>\r\n    <\/div>\r\n\r\n\t\t\t\t<\/div>\n\t\t\t\t<\/div>\n\t\t\t\t<div class=\"elementor-element elementor-element-7924c55 elementor-widget elementor-widget-creote-contact-box-v1\" data-id=\"7924c55\" data-element_type=\"widget\" data-widget_type=\"creote-contact-box-v1.default\">\n\t\t\t\t<div class=\"elementor-widget-container\">\n\t\t\t\t\t \r\n<div class=\"contact_box_content style_one\" \r\n     \r\n        data-aos=\"fade-up\" \r\n        data-aos-delay=\"0\" \r\n        data-aos-offset=\"0\" \r\n    >\r\n            <div class=\"contact_box_inner  icon_yes \">\r\n                            <div class=\"icon_bx\">\r\n                    <span class=\" icon-phone-call\"><\/span>\r\n                <\/div>\r\n                        <div class=\"contnet\">\r\n                                  <div class=\"contitle\">Phone<\/div>\r\n                                                    <p>+40 21.555.4249 <\/p>\r\n                            <\/div>\r\n        <\/div>\r\n    <\/div>\r\n\r\n\t\t\t\t<\/div>\n\t\t\t\t<\/div>\n\t\t\t\t<div class=\"elementor-element elementor-element-f5f4dbe elementor-widget elementor-widget-creote-contact-box-v1\" data-id=\"f5f4dbe\" data-element_type=\"widget\" data-widget_type=\"creote-contact-box-v1.default\">\n\t\t\t\t<div class=\"elementor-widget-container\">\n\t\t\t\t\t \r\n<div class=\"contact_box_content style_one\" \r\n     \r\n        data-aos=\"fade-up\" \r\n        data-aos-delay=\"0\" \r\n        data-aos-offset=\"0\" \r\n    >\r\n            <div class=\"contact_box_inner  icon_yes \">\r\n                            <div class=\"icon_bx\">\r\n                    <span class=\"fa fa-whatsapp\"><\/span>\r\n                <\/div>\r\n                        <div class=\"contnet\">\r\n                                  <div class=\"contitle\">Whatsapp<\/div>\r\n                                                    <p>+40 742.494.249<\/p>\r\n                            <\/div>\r\n        <\/div>\r\n    <\/div>\r\n\r\n\t\t\t\t<\/div>\n\t\t\t\t<\/div>\n\t\t\t\t<div class=\"elementor-element elementor-element-2bc0314 elementor-widget elementor-widget-creote-contact-box-v1\" data-id=\"2bc0314\" data-element_type=\"widget\" data-widget_type=\"creote-contact-box-v1.default\">\n\t\t\t\t<div class=\"elementor-widget-container\">\n\t\t\t\t\t \r\n<div class=\"contact_box_content style_one\" \r\n     \r\n        data-aos=\"fade-up\" \r\n        data-aos-delay=\"0\" \r\n        data-aos-offset=\"0\" \r\n    >\r\n            <div class=\"contact_box_inner  icon_yes \">\r\n                            <div class=\"icon_bx\">\r\n                    <span class=\" icon-email\"><\/span>\r\n                <\/div>\r\n                        <div class=\"contnet\">\r\n                                  <div class=\"contitle\">Email<\/div>\r\n                                                    <p>contact@4biz.properties<\/p>\r\n                            <\/div>\r\n        <\/div>\r\n    <\/div>\r\n\r\n\t\t\t\t<\/div>\n\t\t\t\t<\/div>\n\t\t\t\t<div class=\"elementor-element elementor-element-e062d67 elementor-widget elementor-widget-creote-social-media-v1\" data-id=\"e062d67\" data-element_type=\"widget\" data-widget_type=\"creote-social-media-v1.default\">\n\t\t\t\t<div class=\"elementor-widget-container\">\n\t\t\t\t\t<div class=\"social_media_v_one\"> <ul>  <li > <a href=\"https:\/\/www.facebook.com\/4biz.properties\/\"  > <span class=\"fa fa-facebook\"><\/span> <small>facebook<\/small> <\/a> <\/li>  <li > <a href=\"https:\/\/www.youtube.com\/@4bizproperties\"  > <span class=\"fa fa-youtube\"><\/span> <small>Youtube<\/small> <\/a> <\/li>  <li > <a href=\"https:\/\/www.linkedin.com\/company\/4biz-properties\"  > <span class=\"fa fa-linkedin\"><\/span> <small>LinkedIn<\/small> <\/a> <\/li>  <li > <a href=\"https:\/\/www.instagram.com\/4biz.properties\"  > <span class=\"fa fa-instagram\"><\/span> <small>instagram<\/small> <\/a> <\/li>  <\/ul><\/div>\r\n\t\t\t\t<\/div>\n\t\t\t\t<\/div>\n\t\t\t\t\t<\/div>\n\t\t<\/div>\n\t\t\t\t\t<\/div>\n\t\t<\/section>\n\t\t\t\t<section class=\"elementor-section elementor-top-section elementor-element elementor-element-2a2c0e4 elementor-section-boxed elementor-section-height-default elementor-section-height-default\" data-id=\"2a2c0e4\" data-element_type=\"section\" data-settings=\"{&quot;_ha_eqh_enable&quot;:false}\">\n\t\t\t\t\t\t<div class=\"elementor-container elementor-column-gap-default\">\n\t\t\t\t\t<div class=\"elementor-column elementor-col-100 elementor-top-column elementor-element elementor-element-35f7b49\" data-id=\"35f7b49\" data-element_type=\"column\">\n\t\t\t<div class=\"elementor-widget-wrap elementor-element-populated\">\n\t\t\t\t\t\t<div class=\"elementor-element elementor-element-2040207 elementor-widget elementor-widget-google_maps\" data-id=\"2040207\" data-element_type=\"widget\" data-widget_type=\"google_maps.default\">\n\t\t\t\t<div class=\"elementor-widget-container\">\n\t\t\t\t\t\t\t<div class=\"elementor-custom-embed\">\n\t\t\t<iframe loading=\"lazy\"\n\t\t\t\t\tsrc=\"https:\/\/maps.google.com\/maps?q=Moara%20de%20V%C3%A2nt%2061%2C%20Ia%C8%99i%2C%20Romania&#038;t=m&#038;z=13&#038;output=embed&#038;iwloc=near\"\n\t\t\t\t\ttitle=\"Moara de V\u00e2nt 61, Ia\u0219i, Romania\"\n\t\t\t\t\taria-label=\"Moara de V\u00e2nt 61, Ia\u0219i, Romania\"\n\t\t\t><\/iframe>\n\t\t<\/div>\n\t\t\t\t\t\t<\/div>\n\t\t\t\t<\/div>\n\t\t\t\t\t<\/div>\n\t\t<\/div>\n\t\t\t\t\t<\/div>\n\t\t<\/section>\n\t\t\t\t<\/div>\n\t\t","protected":false},"excerpt":{"rendered":"<p>CONTACTA\u021aI-NE Ave\u021bi nevoie de consultan\u021b\u0103 imobiliar\u0103 comercial\u0103 de specialitate \u0219i solu\u021bii personalizate pentru afacerea dumneavoastr\u0103? Your name Company&#8217;s name E-mail Phone number I want to: RentBuy Property type: OfficeRetailIndustrial\/LogisticsLandOther Size range: &lt; 1000 mp1000 &#8211; 5000 mp&gt; 5000 mp Your message I accept the Privacy Policy. Beneficia\u021bi de consultan\u021b\u0103 strategic\u0103 \u00een investi\u021bii, achizi\u021bii de terenuri, [&hellip;]<\/p>\n","protected":false},"author":1,"featured_media":6780,"parent":0,"menu_order":0,"comment_status":"closed","ping_status":"closed","template":"","meta":{"_joinchat":[],"footnotes":""},"class_list":["post-77","page","type-page","status-publish","has-post-thumbnail","hentry"],"yoast_head":"<!-- This site is optimized with the Yoast SEO Premium plugin v24.9 (Yoast SEO v24.9) - https:\/\/yoast.com\/wordpress\/plugins\/seo\/ -->\n<title>Get in touch about our Commercial Listings | 4Biz Properties<\/title>\n<meta name=\"description\" content=\"+40 21. 555.4249 contact@4biz.properties\" \/>\n<meta name=\"robots\" content=\"index, follow, max-snippet:-1, max-image-preview:large, max-video-preview:-1\" \/>\n<link rel=\"canonical\" href=\"https:\/\/4biz.properties\/ro\/contact\/\" \/>\n<meta property=\"og:locale\" content=\"ro_RO\" \/>\n<meta property=\"og:type\" content=\"article\" \/>\n<meta property=\"og:title\" content=\"Get in touch about our Commercial Property Listings | 4Biz Properties\" \/>\n<meta property=\"og:description\" content=\"+40 21. 555.4249 contact@4biz.properties\" \/>\n<meta property=\"og:url\" content=\"https:\/\/4biz.properties\/ro\/contact\/\" \/>\n<meta property=\"og:site_name\" content=\"4Biz Properties\" \/>\n<meta property=\"article:modified_time\" content=\"2025-06-24T14:01:16+00:00\" \/>\n<meta property=\"og:image\" content=\"https:\/\/4biz.properties\/ro\/wp-content\/uploads\/2025\/05\/4Biz-Properties.jpg\" \/>\n\t<meta property=\"og:image:width\" content=\"780\" \/>\n\t<meta property=\"og:image:height\" content=\"780\" \/>\n\t<meta property=\"og:image:type\" content=\"image\/jpeg\" \/>\n<meta name=\"twitter:card\" content=\"summary_large_image\" \/>\n<meta name=\"twitter:title\" content=\"Contact\" \/>\n<meta name=\"twitter:label1\" content=\"Timp estimat pentru citire\" \/>\n\t<meta name=\"twitter:data1\" content=\"1 minut\" \/>\n<script type=\"application\/ld+json\" class=\"yoast-schema-graph\">{\"@context\":\"https:\/\/schema.org\",\"@graph\":[{\"@type\":\"WebPage\",\"@id\":\"https:\/\/4biz.properties\/ro\/contact\/\",\"url\":\"https:\/\/4biz.properties\/ro\/contact\/\",\"name\":\"Get in touch about our Commercial Listings | 4Biz Properties\",\"isPartOf\":{\"@id\":\"https:\/\/4biz.properties\/ro\/#website\"},\"primaryImageOfPage\":{\"@id\":\"https:\/\/4biz.properties\/ro\/contact\/#primaryimage\"},\"image\":{\"@id\":\"https:\/\/4biz.properties\/ro\/contact\/#primaryimage\"},\"thumbnailUrl\":\"https:\/\/4biz.properties\/ro\/wp-content\/uploads\/2025\/05\/4Biz-Properties.jpg\",\"datePublished\":\"2021-10-05T13:12:07+00:00\",\"dateModified\":\"2025-06-24T14:01:16+00:00\",\"description\":\"+40 21. 555.4249 contact@4biz.properties\",\"breadcrumb\":{\"@id\":\"https:\/\/4biz.properties\/ro\/contact\/#breadcrumb\"},\"inLanguage\":\"ro-RO\",\"potentialAction\":[{\"@type\":\"ReadAction\",\"target\":[\"https:\/\/4biz.properties\/ro\/contact\/\"]}]},{\"@type\":\"ImageObject\",\"inLanguage\":\"ro-RO\",\"@id\":\"https:\/\/4biz.properties\/ro\/contact\/#primaryimage\",\"url\":\"https:\/\/4biz.properties\/ro\/wp-content\/uploads\/2025\/05\/4Biz-Properties.jpg\",\"contentUrl\":\"https:\/\/4biz.properties\/ro\/wp-content\/uploads\/2025\/05\/4Biz-Properties.jpg\",\"width\":780,\"height\":780},{\"@type\":\"BreadcrumbList\",\"@id\":\"https:\/\/4biz.properties\/ro\/contact\/#breadcrumb\",\"itemListElement\":[{\"@type\":\"ListItem\",\"position\":1,\"name\":\"Home\",\"item\":\"https:\/\/4biz.properties\/ro\/\"},{\"@type\":\"ListItem\",\"position\":2,\"name\":\"Contact\"}]},{\"@type\":\"WebSite\",\"@id\":\"https:\/\/4biz.properties\/ro\/#website\",\"url\":\"https:\/\/4biz.properties\/ro\/\",\"name\":\"4Biz Properties\",\"description\":\"Commercial Real Estate | 4Biz Properties\",\"publisher\":{\"@id\":\"https:\/\/4biz.properties\/ro\/#organization\"},\"alternateName\":\"4Biz Properties\",\"potentialAction\":[{\"@type\":\"SearchAction\",\"target\":{\"@type\":\"EntryPoint\",\"urlTemplate\":\"https:\/\/4biz.properties\/ro\/?s={search_term_string}\"},\"query-input\":{\"@type\":\"PropertyValueSpecification\",\"valueRequired\":true,\"valueName\":\"search_term_string\"}}],\"inLanguage\":\"ro-RO\"},{\"@type\":\"Organization\",\"@id\":\"https:\/\/4biz.properties\/ro\/#organization\",\"name\":\"4Biz Properties\",\"alternateName\":\"4Biz Properties\",\"url\":\"https:\/\/4biz.properties\/ro\/\",\"logo\":{\"@type\":\"ImageObject\",\"inLanguage\":\"ro-RO\",\"@id\":\"https:\/\/4biz.properties\/ro\/#\/schema\/logo\/image\/\",\"url\":\"https:\/\/4biz.properties\/ro\/wp-content\/uploads\/2025\/05\/4Biz-Properties.jpg\",\"contentUrl\":\"https:\/\/4biz.properties\/ro\/wp-content\/uploads\/2025\/05\/4Biz-Properties.jpg\",\"width\":780,\"height\":780,\"caption\":\"4Biz Properties\"},\"image\":{\"@id\":\"https:\/\/4biz.properties\/ro\/#\/schema\/logo\/image\/\"}}]}<\/script>\n<!-- \/ Yoast SEO Premium plugin. -->","yoast_head_json":{"title":"Get in touch about our Commercial Listings | 4Biz Properties","description":"+40 21. 555.4249 contact@4biz.properties","robots":{"index":"index","follow":"follow","max-snippet":"max-snippet:-1","max-image-preview":"max-image-preview:large","max-video-preview":"max-video-preview:-1"},"canonical":"https:\/\/4biz.properties\/ro\/contact\/","og_locale":"ro_RO","og_type":"article","og_title":"Get in touch about our Commercial Property Listings | 4Biz Properties","og_description":"+40 21. 555.4249 contact@4biz.properties","og_url":"https:\/\/4biz.properties\/ro\/contact\/","og_site_name":"4Biz Properties","article_modified_time":"2025-06-24T14:01:16+00:00","og_image":[{"width":780,"height":780,"url":"https:\/\/4biz.properties\/ro\/wp-content\/uploads\/2025\/05\/4Biz-Properties.jpg","type":"image\/jpeg"}],"twitter_card":"summary_large_image","twitter_title":"Contact","twitter_misc":{"Timp estimat pentru citire":"1 minut"},"schema":{"@context":"https:\/\/schema.org","@graph":[{"@type":"WebPage","@id":"https:\/\/4biz.properties\/ro\/contact\/","url":"https:\/\/4biz.properties\/ro\/contact\/","name":"Get in touch about our Commercial Listings | 4Biz Properties","isPartOf":{"@id":"https:\/\/4biz.properties\/ro\/#website"},"primaryImageOfPage":{"@id":"https:\/\/4biz.properties\/ro\/contact\/#primaryimage"},"image":{"@id":"https:\/\/4biz.properties\/ro\/contact\/#primaryimage"},"thumbnailUrl":"https:\/\/4biz.properties\/ro\/wp-content\/uploads\/2025\/05\/4Biz-Properties.jpg","datePublished":"2021-10-05T13:12:07+00:00","dateModified":"2025-06-24T14:01:16+00:00","description":"+40 21. 555.4249 contact@4biz.properties","breadcrumb":{"@id":"https:\/\/4biz.properties\/ro\/contact\/#breadcrumb"},"inLanguage":"ro-RO","potentialAction":[{"@type":"ReadAction","target":["https:\/\/4biz.properties\/ro\/contact\/"]}]},{"@type":"ImageObject","inLanguage":"ro-RO","@id":"https:\/\/4biz.properties\/ro\/contact\/#primaryimage","url":"https:\/\/4biz.properties\/ro\/wp-content\/uploads\/2025\/05\/4Biz-Properties.jpg","contentUrl":"https:\/\/4biz.properties\/ro\/wp-content\/uploads\/2025\/05\/4Biz-Properties.jpg","width":780,"height":780},{"@type":"BreadcrumbList","@id":"https:\/\/4biz.properties\/ro\/contact\/#breadcrumb","itemListElement":[{"@type":"ListItem","position":1,"name":"Home","item":"https:\/\/4biz.properties\/ro\/"},{"@type":"ListItem","position":2,"name":"Contact"}]},{"@type":"WebSite","@id":"https:\/\/4biz.properties\/ro\/#website","url":"https:\/\/4biz.properties\/ro\/","name":"4Biz Properties","description":"Commercial Real Estate | 4Biz Properties","publisher":{"@id":"https:\/\/4biz.properties\/ro\/#organization"},"alternateName":"4Biz Properties","potentialAction":[{"@type":"SearchAction","target":{"@type":"EntryPoint","urlTemplate":"https:\/\/4biz.properties\/ro\/?s={search_term_string}"},"query-input":{"@type":"PropertyValueSpecification","valueRequired":true,"valueName":"search_term_string"}}],"inLanguage":"ro-RO"},{"@type":"Organization","@id":"https:\/\/4biz.properties\/ro\/#organization","name":"4Biz Properties","alternateName":"4Biz Properties","url":"https:\/\/4biz.properties\/ro\/","logo":{"@type":"ImageObject","inLanguage":"ro-RO","@id":"https:\/\/4biz.properties\/ro\/#\/schema\/logo\/image\/","url":"https:\/\/4biz.properties\/ro\/wp-content\/uploads\/2025\/05\/4Biz-Properties.jpg","contentUrl":"https:\/\/4biz.properties\/ro\/wp-content\/uploads\/2025\/05\/4Biz-Properties.jpg","width":780,"height":780,"caption":"4Biz Properties"},"image":{"@id":"https:\/\/4biz.properties\/ro\/#\/schema\/logo\/image\/"}}]}},"_links":{"self":[{"href":"https:\/\/4biz.properties\/ro\/wp-json\/wp\/v2\/pages\/77","targetHints":{"allow":["GET"]}}],"collection":[{"href":"https:\/\/4biz.properties\/ro\/wp-json\/wp\/v2\/pages"}],"about":[{"href":"https:\/\/4biz.properties\/ro\/wp-json\/wp\/v2\/types\/page"}],"author":[{"embeddable":true,"href":"https:\/\/4biz.properties\/ro\/wp-json\/wp\/v2\/users\/1"}],"replies":[{"embeddable":true,"href":"https:\/\/4biz.properties\/ro\/wp-json\/wp\/v2\/comments?post=77"}],"version-history":[{"count":56,"href":"https:\/\/4biz.properties\/ro\/wp-json\/wp\/v2\/pages\/77\/revisions"}],"predecessor-version":[{"id":7812,"href":"https:\/\/4biz.properties\/ro\/wp-json\/wp\/v2\/pages\/77\/revisions\/7812"}],"wp:featuredmedia":[{"embeddable":true,"href":"https:\/\/4biz.properties\/ro\/wp-json\/wp\/v2\/media\/6780"}],"wp:attachment":[{"href":"https:\/\/4biz.properties\/ro\/wp-json\/wp\/v2\/media?parent=77"}],"curies":[{"name":"wp","href":"https:\/\/api.w.org\/{rel}","templated":true}]}}